{"id":7873,"date":"2024-02-19T07:38:37","date_gmt":"2024-02-19T07:38:37","guid":{"rendered":"https:\/\/mlinarica.hr\/izmjene\/?page_id=7873"},"modified":"2024-03-21T13:52:28","modified_gmt":"2024-03-21T13:52:28","slug":"nagradna-igra","status":"publish","type":"page","link":"https:\/\/mlinarica.hr\/izmjene\/nagradna-igra\/","title":{"rendered":"Nagradna igra"},"content":{"rendered":"\t\t<div data-elementor-type=\"wp-page\" data-elementor-id=\"7873\" class=\"elementor elementor-7873\" data-elementor-post-type=\"page\">\n\t\t\t\t\t\t<section class=\"elementor-section elementor-top-section elementor-element elementor-element-518ca5e elementor-section-full_width elementor-reverse-mobile elementor-section-height-default elementor-section-height-default\" data-id=\"518ca5e\" data-element_type=\"section\" data-settings=\"{&quot;background_background&quot;:&quot;classic&quot;}\">\n\t\t\t\t\t\t\t<div class=\"elementor-background-overlay\"><\/div>\n\t\t\t\t\t\t\t<div class=\"elementor-container elementor-column-gap-no\">\n\t\t\t\t\t<div class=\"elementor-column elementor-col-100 elementor-top-column elementor-element elementor-element-aefe44a\" data-id=\"aefe44a\" data-element_type=\"column\" data-settings=\"{&quot;background_background&quot;:&quot;classic&quot;}\">\n\t\t\t<div class=\"elementor-widget-wrap elementor-element-populated\">\n\t\t\t\t\t\t<section class=\"elementor-section elementor-inner-section elementor-element elementor-element-4b45a29 elementor-reverse-mobile elementor-section-boxed elementor-section-height-default elementor-section-height-default\" data-id=\"4b45a29\" data-element_type=\"section\" data-settings=\"{&quot;background_background&quot;:&quot;classic&quot;}\">\n\t\t\t\t\t\t<div class=\"elementor-container elementor-column-gap-default\">\n\t\t\t\t\t<div class=\"elementor-column elementor-col-100 elementor-inner-column elementor-element elementor-element-cb7a2c9\" data-id=\"cb7a2c9\" data-element_type=\"column\">\n\t\t\t<div class=\"elementor-widget-wrap elementor-element-populated\">\n\t\t\t\t\t\t<div class=\"elementor-element elementor-element-7a2c19f elementor-widget elementor-widget-heading\" data-id=\"7a2c19f\" data-element_type=\"widget\" data-widget_type=\"heading.default\">\n\t\t\t\t<div class=\"elementor-widget-container\">\n\t\t\t<h1 class=\"elementor-heading-title elementor-size-default\">Nagradna igra<\/h1>\t\t<\/div>\n\t\t\t\t<\/div>\n\t\t\t\t<div class=\"elementor-element elementor-element-733f098 elementor-widget elementor-widget-image\" data-id=\"733f098\" data-element_type=\"widget\" data-widget_type=\"image.default\">\n\t\t\t\t<div class=\"elementor-widget-container\">\n\t\t\t\t\t\t\t\t\t\t\t\t\t<img fetchpriority=\"high\" decoding=\"async\" width=\"800\" height=\"566\" src=\"https:\/\/mlinarica.hr\/izmjene\/wp-content\/uploads\/2024\/03\/Mlinarica-nostra-banner-1024x724.png\" class=\"attachment-large size-large wp-image-8236\" alt=\"\" srcset=\"https:\/\/mlinarica.hr\/izmjene\/wp-content\/uploads\/2024\/03\/Mlinarica-nostra-banner-1024x724.png 1024w, https:\/\/mlinarica.hr\/izmjene\/wp-content\/uploads\/2024\/03\/Mlinarica-nostra-banner-300x212.png 300w, https:\/\/mlinarica.hr\/izmjene\/wp-content\/uploads\/2024\/03\/Mlinarica-nostra-banner-768x543.png 768w, https:\/\/mlinarica.hr\/izmjene\/wp-content\/uploads\/2024\/03\/Mlinarica-nostra-banner-1536x1086.png 1536w, https:\/\/mlinarica.hr\/izmjene\/wp-content\/uploads\/2024\/03\/Mlinarica-nostra-banner.png 1920w\" sizes=\"(max-width: 800px) 100vw, 800px\" \/>\t\t\t\t\t\t\t\t\t\t\t\t\t<\/div>\n\t\t\t\t<\/div>\n\t\t\t\t\t<\/div>\n\t\t<\/div>\n\t\t\t\t\t<\/div>\n\t\t<\/section>\n\t\t<div class=\"elementor-element elementor-element-0bd495d e-flex e-con-boxed e-con e-parent\" data-id=\"0bd495d\" data-element_type=\"container\" data-settings=\"{&quot;background_background&quot;:&quot;classic&quot;}\">\n\t\t\t\t\t<div class=\"e-con-inner\">\n\t\t<div class=\"elementor-element elementor-element-11ee4c4 e-con-full e-flex e-con e-child\" data-id=\"11ee4c4\" data-element_type=\"container\">\n\t\t\t\t<div class=\"elementor-element elementor-element-6ab3d53 elementor-widget elementor-widget-heading\" data-id=\"6ab3d53\" data-element_type=\"widget\" data-widget_type=\"heading.default\">\n\t\t\t\t<div class=\"elementor-widget-container\">\n\t\t\t<h2 class=\"elementor-heading-title elementor-size-default\">Kako sudjelovati u nagradnoj igri?<\/h2>\t\t<\/div>\n\t\t\t\t<\/div>\n\t\t\t\t<div class=\"elementor-element elementor-element-60a9b61 elementor-widget__width-initial elementor-widget elementor-widget-text-editor\" data-id=\"60a9b61\" data-element_type=\"widget\" data-widget_type=\"text-editor.default\">\n\t\t\t\t<div class=\"elementor-widget-container\">\n\t\t\t\t\t\t\t<p>Za uklju\u010divanje u na\u0161u nagradnu igru, jednostavno isprobaj svaki mjesec nova piva iz serije Nostra. Skeniraj svaki QR kod na novoj etiketi, ispuni obrazac s osnovnim podacima poput imena, adrese i e-maila i osvoji 2 boda.<\/p><p>Za osvajanje svih nagrada, skeniraj <span style=\"color: #c7c1ad;\"><strong>svih 9 QR kodova<\/strong><\/span>, \u0161to zna\u010di da treba\u0161 isprobati svih 9 razli\u010ditih piva iz serije Nostra.<\/p>\t\t\t\t\t\t<\/div>\n\t\t\t\t<\/div>\n\t\t\t\t<div class=\"elementor-element elementor-element-423d649 elementor-widget elementor-widget-heading\" data-id=\"423d649\" data-element_type=\"widget\" data-widget_type=\"heading.default\">\n\t\t\t\t<div class=\"elementor-widget-container\">\n\t\t\t<h2 class=\"elementor-heading-title elementor-size-default\">Ostvari maksimalan broj bodova!<\/h2>\t\t<\/div>\n\t\t\t\t<\/div>\n\t\t\t\t<div class=\"elementor-element elementor-element-b25a84e elementor-widget__width-initial elementor-widget elementor-widget-text-editor\" data-id=\"b25a84e\" data-element_type=\"widget\" data-widget_type=\"text-editor.default\">\n\t\t\t\t<div class=\"elementor-widget-container\">\n\t\t\t\t\t\t\t<p>Svako novo pivo iz serije &#8220;Nostra&#8221; donosi ti 2 boda, osim prvog piva koje donosi 4 boda. <span style=\"color: #c7c1ad;\"><strong>Skeniraj svaki QR kod<\/strong><\/span> s etikete kako bi skupio \u0161to vi\u0161e bodova i osvojio \u0161to vi\u0161e nagrada. Lucky \u0107e te redovito obavje\u0161tavati o tvom statusu i osvojenim nagradama. <strong><span style=\"color: #c7c1ad;\">Maksimalan broj bodova je 20<\/span><\/strong>, a da bi osvojio svih 20 bodova mora\u0161 skenirati prvi QR kod.<\/p>\t\t\t\t\t\t<\/div>\n\t\t\t\t<\/div>\n\t\t\t\t<div class=\"elementor-element elementor-element-dae8fae elementor-widget elementor-widget-heading\" data-id=\"dae8fae\" data-element_type=\"widget\" data-widget_type=\"heading.default\">\n\t\t\t\t<div class=\"elementor-widget-container\">\n\t\t\t<h2 class=\"elementor-heading-title elementor-size-default\">Nagrade u tvojoj ruci!<\/h2>\t\t<\/div>\n\t\t\t\t<\/div>\n\t\t\t\t<div class=\"elementor-element elementor-element-1b1cb1a elementor-widget elementor-widget-image\" data-id=\"1b1cb1a\" data-element_type=\"widget\" data-widget_type=\"image.default\">\n\t\t\t\t<div class=\"elementor-widget-container\">\n\t\t\t\t\t\t\t\t\t\t\t\t\t<img decoding=\"async\" width=\"693\" height=\"1024\" src=\"https:\/\/mlinarica.hr\/izmjene\/wp-content\/uploads\/2024\/02\/Nostra-nagrade-693x1024.png\" class=\"attachment-large size-large wp-image-8117\" alt=\"\" srcset=\"https:\/\/mlinarica.hr\/izmjene\/wp-content\/uploads\/2024\/02\/Nostra-nagrade-693x1024.png 693w, https:\/\/mlinarica.hr\/izmjene\/wp-content\/uploads\/2024\/02\/Nostra-nagrade-203x300.png 203w, https:\/\/mlinarica.hr\/izmjene\/wp-content\/uploads\/2024\/02\/Nostra-nagrade-768x1135.png 768w, https:\/\/mlinarica.hr\/izmjene\/wp-content\/uploads\/2024\/02\/Nostra-nagrade.png 907w\" sizes=\"(max-width: 693px) 100vw, 693px\" \/>\t\t\t\t\t\t\t\t\t\t\t\t\t<\/div>\n\t\t\t\t<\/div>\n\t\t\t\t<div class=\"elementor-element elementor-element-1d86744 elementor-widget__width-initial elementor-widget elementor-widget-text-editor\" data-id=\"1d86744\" data-element_type=\"widget\" data-widget_type=\"text-editor.default\">\n\t\t\t\t<div class=\"elementor-widget-container\">\n\t\t\t\t\t\t\t<p>Ukupno te \u010deka pet nagrada. Prva nagrada nakon osvojena <span style=\"color: #c7c1ad;\"><strong>4 boda<\/strong><\/span>, druga nagrada nakon osvojenih <strong><span style=\"color: #c7c1ad;\">8 bodova<\/span><\/strong>, tre\u0107a nakon osvojenih <strong><span style=\"color: #c7c1ad;\">12 bodova<\/span><\/strong>, \u010detvrta nakon osvojenih <span style=\"color: #c7c1ad;\"><strong>16 bodova<\/strong><\/span> i finalna i glavna nagrada nakon osvojenih <strong><span style=\"color: #c7c1ad;\">svih 20 bodova<\/span><\/strong> odnosno skeniranih <strong><span style=\"color: #c7c1ad;\">svih 9 QR kodova<\/span><\/strong>. Koje su to nagrade? Pridru\u017ei nam se i saznaj! Samo najvjerniji \u010dlanovi &#8220;Nostre&#8221; mogu osvojiti svih 5 nagrada, no imaj na umu da one dolaze tek nakon \u0161to si skenirao zadnji QR kod i isprobao sve pive. Ali pripazi, finalnu nagradu \u0107e osvojiti samo <strong><span style=\"color: #c7c1ad;\">prvih 100 osoba<\/span><\/strong> koje ostvare maksimalan broj bodova.<\/p>\t\t\t\t\t\t<\/div>\n\t\t\t\t<\/div>\n\t\t\t\t<div class=\"elementor-element elementor-element-c753128 elementor-widget elementor-widget-heading\" data-id=\"c753128\" data-element_type=\"widget\" data-widget_type=\"heading.default\">\n\t\t\t\t<div class=\"elementor-widget-container\">\n\t\t\t<h2 class=\"elementor-heading-title elementor-size-default\">Trajanje nagradne igre (strpljenje koje se isplati)<\/h2>\t\t<\/div>\n\t\t\t\t<\/div>\n\t\t\t\t<div class=\"elementor-element elementor-element-dad6c49 elementor-widget__width-initial elementor-widget elementor-widget-text-editor\" data-id=\"dad6c49\" data-element_type=\"widget\" data-widget_type=\"text-editor.default\">\n\t\t\t\t<div class=\"elementor-widget-container\">\n\t\t\t\t\t\t\t<p>Nagradna igra traje <span style=\"color: #c7c1ad;\"><strong>od 15.03. do 30.11.2024.<\/strong><\/span>, no vrijeme brzo prolazi zato ne \u010dekaj i pridru\u017ei se \u201cNostri\u201d \u0161to prije.<\/p>\t\t\t\t\t\t<\/div>\n\t\t\t\t<\/div>\n\t\t<div class=\"elementor-element elementor-element-f973017 e-flex e-con-boxed e-con e-child\" data-id=\"f973017\" data-element_type=\"container\">\n\t\t\t\t\t<div class=\"e-con-inner\">\n\t\t\t\t<div class=\"elementor-element elementor-element-b970324 elementor-widget elementor-widget-video\" data-id=\"b970324\" data-element_type=\"widget\" data-settings=\"{&quot;youtube_url&quot;:&quot;https:\\\/\\\/youtu.be\\\/82WCRhxvV2E?si=PQVa9efZH0Blefba&quot;,&quot;video_type&quot;:&quot;youtube&quot;,&quot;controls&quot;:&quot;yes&quot;}\" data-widget_type=\"video.default\">\n\t\t\t\t<div class=\"elementor-widget-container\">\n\t\t\t\t\t<div class=\"elementor-wrapper elementor-open-inline\">\n\t\t\t<div class=\"elementor-video\"><\/div>\t\t<\/div>\n\t\t\t\t<\/div>\n\t\t\t\t<\/div>\n\t\t\t\t\t<\/div>\n\t\t\t\t<\/div>\n\t\t\t\t<\/div>\n\t\t\t\t\t<\/div>\n\t\t\t\t<\/div>\n\t\t\t\t\t<\/div>\n\t\t<\/div>\n\t\t\t\t\t<\/div>\n\t\t<\/section>\n\t\t\t\t<\/div>\n\t\t","protected":false},"excerpt":{"rendered":"<p>Nagradna igra Kako sudjelovati u nagradnoj igri? Za uklju\u010divanje u na\u0161u nagradnu igru, jednostavno isprobaj svaki mjesec nova piva iz serije Nostra. Skeniraj svaki QR kod na novoj etiketi, ispuni obrazac s osnovnim podacima poput imena, adrese i e-maila i osvoji 2 boda. Za osvajanje svih nagrada, skeniraj svih 9 QR kodova, \u0161to zna\u010di da [&hellip;]<\/p>\n","protected":false},"author":1,"featured_media":0,"parent":0,"menu_order":0,"comment_status":"closed","ping_status":"closed","template":"elementor_header_footer","meta":{"_acf_changed":false,"footnotes":""},"class_list":["post-7873","page","type-page","status-publish","hentry"],"acf":[],"yoast_head":"<!-- This site is optimized with the Yoast SEO plugin v23.4 - https:\/\/yoast.com\/wordpress\/plugins\/seo\/ -->\n<title>Nagradna igra - Pivnica i pivovara Mlinarica<\/title>\n<meta name=\"robots\" content=\"noindex, follow, max-snippet:-1, max-image-preview:large, max-video-preview:-1\" \/>\n<meta property=\"og:locale\" content=\"hr_HR\" \/>\n<meta property=\"og:type\" content=\"article\" \/>\n<meta property=\"og:title\" content=\"Nagradna igra - Pivnica i pivovara Mlinarica\" \/>\n<meta property=\"og:description\" content=\"Nagradna igra Kako sudjelovati u nagradnoj igri? Za uklju\u010divanje u na\u0161u nagradnu igru, jednostavno isprobaj svaki mjesec nova piva iz serije Nostra. Skeniraj svaki QR kod na novoj etiketi, ispuni obrazac s osnovnim podacima poput imena, adrese i e-maila i osvoji 2 boda. Za osvajanje svih nagrada, skeniraj svih 9 QR kodova, \u0161to zna\u010di da [&hellip;]\" \/>\n<meta property=\"og:url\" content=\"https:\/\/mlinarica.hr\/izmjene\/nagradna-igra\/\" \/>\n<meta property=\"og:site_name\" content=\"Pivnica i pivovara Mlinarica\" \/>\n<meta property=\"article:modified_time\" content=\"2024-03-21T13:52:28+00:00\" \/>\n<meta property=\"og:image\" content=\"https:\/\/mlinarica.hr\/izmjene\/wp-content\/uploads\/2024\/03\/Mlinarica-nostra-banner-1024x724.png\" \/>\n<meta name=\"twitter:card\" content=\"summary_large_image\" \/>\n<script type=\"application\/ld+json\" class=\"yoast-schema-graph\">{\"@context\":\"https:\/\/schema.org\",\"@graph\":[{\"@type\":\"WebPage\",\"@id\":\"https:\/\/mlinarica.hr\/izmjene\/nagradna-igra\/\",\"url\":\"https:\/\/mlinarica.hr\/izmjene\/nagradna-igra\/\",\"name\":\"Nagradna igra - Pivnica i pivovara Mlinarica\",\"isPartOf\":{\"@id\":\"https:\/\/mlinarica.hr\/izmjene\/#website\"},\"primaryImageOfPage\":{\"@id\":\"https:\/\/mlinarica.hr\/izmjene\/nagradna-igra\/#primaryimage\"},\"image\":{\"@id\":\"https:\/\/mlinarica.hr\/izmjene\/nagradna-igra\/#primaryimage\"},\"thumbnailUrl\":\"https:\/\/mlinarica.hr\/izmjene\/wp-content\/uploads\/2024\/03\/Mlinarica-nostra-banner-1024x724.png\",\"datePublished\":\"2024-02-19T07:38:37+00:00\",\"dateModified\":\"2024-03-21T13:52:28+00:00\",\"breadcrumb\":{\"@id\":\"https:\/\/mlinarica.hr\/izmjene\/nagradna-igra\/#breadcrumb\"},\"inLanguage\":\"hr\",\"potentialAction\":[{\"@type\":\"ReadAction\",\"target\":[\"https:\/\/mlinarica.hr\/izmjene\/nagradna-igra\/\"]}]},{\"@type\":\"ImageObject\",\"inLanguage\":\"hr\",\"@id\":\"https:\/\/mlinarica.hr\/izmjene\/nagradna-igra\/#primaryimage\",\"url\":\"https:\/\/mlinarica.hr\/izmjene\/wp-content\/uploads\/2024\/03\/Mlinarica-nostra-banner.png\",\"contentUrl\":\"https:\/\/mlinarica.hr\/izmjene\/wp-content\/uploads\/2024\/03\/Mlinarica-nostra-banner.png\",\"width\":1920,\"height\":1358},{\"@type\":\"BreadcrumbList\",\"@id\":\"https:\/\/mlinarica.hr\/izmjene\/nagradna-igra\/#breadcrumb\",\"itemListElement\":[{\"@type\":\"ListItem\",\"position\":1,\"name\":\"Po\u010detna stranica\",\"item\":\"https:\/\/mlinarica.hr\/izmjene\/\"},{\"@type\":\"ListItem\",\"position\":2,\"name\":\"Nagradna igra\"}]},{\"@type\":\"WebSite\",\"@id\":\"https:\/\/mlinarica.hr\/izmjene\/#website\",\"url\":\"https:\/\/mlinarica.hr\/izmjene\/\",\"name\":\"Pivnica i pivovara Mlinarica\",\"description\":\"Doma\u0107a hrana i vlastito craft pivo\",\"publisher\":{\"@id\":\"https:\/\/mlinarica.hr\/izmjene\/#organization\"},\"potentialAction\":[{\"@type\":\"SearchAction\",\"target\":{\"@type\":\"EntryPoint\",\"urlTemplate\":\"https:\/\/mlinarica.hr\/izmjene\/?s={search_term_string}\"},\"query-input\":{\"@type\":\"PropertyValueSpecification\",\"valueRequired\":true,\"valueName\":\"search_term_string\"}}],\"inLanguage\":\"hr\"},{\"@type\":\"Organization\",\"@id\":\"https:\/\/mlinarica.hr\/izmjene\/#organization\",\"name\":\"Pivnica i pivovara Mlinarica\",\"url\":\"https:\/\/mlinarica.hr\/izmjene\/\",\"logo\":{\"@type\":\"ImageObject\",\"inLanguage\":\"hr\",\"@id\":\"https:\/\/mlinarica.hr\/izmjene\/#\/schema\/logo\/image\/\",\"url\":\"https:\/\/mlinarica.hr\/izmjene\/wp-content\/uploads\/2020\/12\/cropped-Mlinarica_siteicon.png\",\"contentUrl\":\"https:\/\/mlinarica.hr\/izmjene\/wp-content\/uploads\/2020\/12\/cropped-Mlinarica_siteicon.png\",\"width\":504,\"height\":426,\"caption\":\"Pivnica i pivovara Mlinarica\"},\"image\":{\"@id\":\"https:\/\/mlinarica.hr\/izmjene\/#\/schema\/logo\/image\/\"}}]}<\/script>\n<!-- \/ Yoast SEO plugin. -->","yoast_head_json":{"title":"Nagradna igra - Pivnica i pivovara Mlinarica","robots":{"index":"noindex","follow":"follow","max-snippet":"max-snippet:-1","max-image-preview":"max-image-preview:large","max-video-preview":"max-video-preview:-1"},"og_locale":"hr_HR","og_type":"article","og_title":"Nagradna igra - Pivnica i pivovara Mlinarica","og_description":"Nagradna igra Kako sudjelovati u nagradnoj igri? Za uklju\u010divanje u na\u0161u nagradnu igru, jednostavno isprobaj svaki mjesec nova piva iz serije Nostra. Skeniraj svaki QR kod na novoj etiketi, ispuni obrazac s osnovnim podacima poput imena, adrese i e-maila i osvoji 2 boda. Za osvajanje svih nagrada, skeniraj svih 9 QR kodova, \u0161to zna\u010di da [&hellip;]","og_url":"https:\/\/mlinarica.hr\/izmjene\/nagradna-igra\/","og_site_name":"Pivnica i pivovara Mlinarica","article_modified_time":"2024-03-21T13:52:28+00:00","og_image":[{"url":"https:\/\/mlinarica.hr\/izmjene\/wp-content\/uploads\/2024\/03\/Mlinarica-nostra-banner-1024x724.png"}],"twitter_card":"summary_large_image","schema":{"@context":"https:\/\/schema.org","@graph":[{"@type":"WebPage","@id":"https:\/\/mlinarica.hr\/izmjene\/nagradna-igra\/","url":"https:\/\/mlinarica.hr\/izmjene\/nagradna-igra\/","name":"Nagradna igra - Pivnica i pivovara Mlinarica","isPartOf":{"@id":"https:\/\/mlinarica.hr\/izmjene\/#website"},"primaryImageOfPage":{"@id":"https:\/\/mlinarica.hr\/izmjene\/nagradna-igra\/#primaryimage"},"image":{"@id":"https:\/\/mlinarica.hr\/izmjene\/nagradna-igra\/#primaryimage"},"thumbnailUrl":"https:\/\/mlinarica.hr\/izmjene\/wp-content\/uploads\/2024\/03\/Mlinarica-nostra-banner-1024x724.png","datePublished":"2024-02-19T07:38:37+00:00","dateModified":"2024-03-21T13:52:28+00:00","breadcrumb":{"@id":"https:\/\/mlinarica.hr\/izmjene\/nagradna-igra\/#breadcrumb"},"inLanguage":"hr","potentialAction":[{"@type":"ReadAction","target":["https:\/\/mlinarica.hr\/izmjene\/nagradna-igra\/"]}]},{"@type":"ImageObject","inLanguage":"hr","@id":"https:\/\/mlinarica.hr\/izmjene\/nagradna-igra\/#primaryimage","url":"https:\/\/mlinarica.hr\/izmjene\/wp-content\/uploads\/2024\/03\/Mlinarica-nostra-banner.png","contentUrl":"https:\/\/mlinarica.hr\/izmjene\/wp-content\/uploads\/2024\/03\/Mlinarica-nostra-banner.png","width":1920,"height":1358},{"@type":"BreadcrumbList","@id":"https:\/\/mlinarica.hr\/izmjene\/nagradna-igra\/#breadcrumb","itemListElement":[{"@type":"ListItem","position":1,"name":"Po\u010detna stranica","item":"https:\/\/mlinarica.hr\/izmjene\/"},{"@type":"ListItem","position":2,"name":"Nagradna igra"}]},{"@type":"WebSite","@id":"https:\/\/mlinarica.hr\/izmjene\/#website","url":"https:\/\/mlinarica.hr\/izmjene\/","name":"Pivnica i pivovara Mlinarica","description":"Doma\u0107a hrana i vlastito craft pivo","publisher":{"@id":"https:\/\/mlinarica.hr\/izmjene\/#organization"},"potentialAction":[{"@type":"SearchAction","target":{"@type":"EntryPoint","urlTemplate":"https:\/\/mlinarica.hr\/izmjene\/?s={search_term_string}"},"query-input":{"@type":"PropertyValueSpecification","valueRequired":true,"valueName":"search_term_string"}}],"inLanguage":"hr"},{"@type":"Organization","@id":"https:\/\/mlinarica.hr\/izmjene\/#organization","name":"Pivnica i pivovara Mlinarica","url":"https:\/\/mlinarica.hr\/izmjene\/","logo":{"@type":"ImageObject","inLanguage":"hr","@id":"https:\/\/mlinarica.hr\/izmjene\/#\/schema\/logo\/image\/","url":"https:\/\/mlinarica.hr\/izmjene\/wp-content\/uploads\/2020\/12\/cropped-Mlinarica_siteicon.png","contentUrl":"https:\/\/mlinarica.hr\/izmjene\/wp-content\/uploads\/2020\/12\/cropped-Mlinarica_siteicon.png","width":504,"height":426,"caption":"Pivnica i pivovara Mlinarica"},"image":{"@id":"https:\/\/mlinarica.hr\/izmjene\/#\/schema\/logo\/image\/"}}]}},"_links":{"self":[{"href":"https:\/\/mlinarica.hr\/izmjene\/wp-json\/wp\/v2\/pages\/7873"}],"collection":[{"href":"https:\/\/mlinarica.hr\/izmjene\/wp-json\/wp\/v2\/pages"}],"about":[{"href":"https:\/\/mlinarica.hr\/izmjene\/wp-json\/wp\/v2\/types\/page"}],"author":[{"embeddable":true,"href":"https:\/\/mlinarica.hr\/izmjene\/wp-json\/wp\/v2\/users\/1"}],"replies":[{"embeddable":true,"href":"https:\/\/mlinarica.hr\/izmjene\/wp-json\/wp\/v2\/comments?post=7873"}],"version-history":[{"count":302,"href":"https:\/\/mlinarica.hr\/izmjene\/wp-json\/wp\/v2\/pages\/7873\/revisions"}],"predecessor-version":[{"id":8418,"href":"https:\/\/mlinarica.hr\/izmjene\/wp-json\/wp\/v2\/pages\/7873\/revisions\/8418"}],"wp:attachment":[{"href":"https:\/\/mlinarica.hr\/izmjene\/wp-json\/wp\/v2\/media?parent=7873"}],"curies":[{"name":"wp","href":"https:\/\/api.w.org\/{rel}","templated":true}]}}