{"id":3960,"date":"2022-01-23T19:02:17","date_gmt":"2022-01-23T19:02:17","guid":{"rendered":"https:\/\/mlinarica.hr\/izmjene\/?page_id=3960"},"modified":"2022-06-07T12:02:22","modified_gmt":"2022-06-07T12:02:22","slug":"recepti-bake-mlinarice","status":"publish","type":"page","link":"https:\/\/mlinarica.hr\/izmjene\/recepti-bake-mlinarice\/","title":{"rendered":"Recepti bake mlinarice"},"content":{"rendered":"\t\t<div data-elementor-type=\"wp-page\" data-elementor-id=\"3960\" class=\"elementor elementor-3960\" data-elementor-post-type=\"page\">\n\t\t\t\t\t\t<section class=\"elementor-section elementor-top-section elementor-element elementor-element-97bee3a elementor-section-full_width elementor-section-height-default elementor-section-height-default\" data-id=\"97bee3a\" data-element_type=\"section\" data-settings=\"{&quot;background_background&quot;:&quot;classic&quot;}\">\n\t\t\t\t\t\t\t<div class=\"elementor-background-overlay\"><\/div>\n\t\t\t\t\t\t\t<div class=\"elementor-container elementor-column-gap-no\">\n\t\t\t\t\t<div class=\"elementor-column elementor-col-100 elementor-top-column elementor-element elementor-element-39e69d0\" data-id=\"39e69d0\" data-element_type=\"column\">\n\t\t\t<div class=\"elementor-widget-wrap elementor-element-populated\">\n\t\t\t\t\t\t<section class=\"elementor-section elementor-inner-section elementor-element elementor-element-bdd9442 elementor-section-full_width elementor-section-height-default elementor-section-height-default\" data-id=\"bdd9442\" data-element_type=\"section\" data-settings=\"{&quot;background_background&quot;:&quot;classic&quot;}\">\n\t\t\t\t\t\t<div class=\"elementor-container elementor-column-gap-default\">\n\t\t\t\t\t<div class=\"elementor-column elementor-col-100 elementor-inner-column elementor-element elementor-element-235b5b4\" data-id=\"235b5b4\" data-element_type=\"column\" data-settings=\"{&quot;background_background&quot;:&quot;classic&quot;}\">\n\t\t\t<div class=\"elementor-widget-wrap elementor-element-populated\">\n\t\t\t\t\t\t<div class=\"elementor-element elementor-element-c11c5eb elementor-widget elementor-widget-heading\" data-id=\"c11c5eb\" data-element_type=\"widget\" data-widget_type=\"heading.default\">\n\t\t\t\t<div class=\"elementor-widget-container\">\n\t\t\t<h2 class=\"elementor-heading-title elementor-size-default\">Recepti bake Mlinarice<\/h2>\t\t<\/div>\n\t\t\t\t<\/div>\n\t\t\t\t<div class=\"elementor-element elementor-element-5fafc97 elementor-widget elementor-widget-text-editor\" data-id=\"5fafc97\" data-element_type=\"widget\" data-widget_type=\"text-editor.default\">\n\t\t\t\t<div class=\"elementor-widget-container\">\n\t\t\t\t\t\t\t<p>U ovoj sekciji nau\u010diti \u0107e te male tajne kuharstva koje se odvijaju u na\u0161oj\u00a0<a href=\"https:\/\/mlinarica.hr\/izmjene\/dnevna-ponuda-gableca-i-jela-s-rostilja\/\" target=\"_blank\" rel=\"noopener\"><b>kuhinji.<\/b><\/a><\/p>\t\t\t\t\t\t<\/div>\n\t\t\t\t<\/div>\n\t\t\t\t\t<\/div>\n\t\t<\/div>\n\t\t\t\t\t<\/div>\n\t\t<\/section>\n\t\t\t\t<section class=\"elementor-section elementor-inner-section elementor-element elementor-element-9249b01 elementor-section-boxed elementor-section-height-default elementor-section-height-default\" data-id=\"9249b01\" data-element_type=\"section\">\n\t\t\t\t\t\t<div class=\"elementor-container elementor-column-gap-default\">\n\t\t\t\t\t<div class=\"elementor-column elementor-col-100 elementor-inner-column elementor-element elementor-element-24c511d\" data-id=\"24c511d\" data-element_type=\"column\">\n\t\t\t<div class=\"elementor-widget-wrap elementor-element-populated\">\n\t\t\t\t\t\t<div class=\"elementor-element elementor-element-0c7e9f7 elementor-grid-4 elementor-grid-tablet-2 elementor-grid-mobile-1 elementor-posts--thumbnail-top elementor-card-shadow-yes elementor-posts__hover-gradient elementor-widget elementor-widget-posts\" data-id=\"0c7e9f7\" data-element_type=\"widget\" data-settings=\"{&quot;cards_columns&quot;:&quot;4&quot;,&quot;cards_columns_tablet&quot;:&quot;2&quot;,&quot;cards_columns_mobile&quot;:&quot;1&quot;,&quot;cards_row_gap&quot;:{&quot;unit&quot;:&quot;px&quot;,&quot;size&quot;:35,&quot;sizes&quot;:[]},&quot;cards_row_gap_tablet&quot;:{&quot;unit&quot;:&quot;px&quot;,&quot;size&quot;:&quot;&quot;,&quot;sizes&quot;:[]},&quot;cards_row_gap_mobile&quot;:{&quot;unit&quot;:&quot;px&quot;,&quot;size&quot;:&quot;&quot;,&quot;sizes&quot;:[]}}\" data-widget_type=\"posts.cards\">\n\t\t\t\t<div class=\"elementor-widget-container\">\n\t\t\t\t\t<div class=\"elementor-posts-container elementor-posts elementor-posts--skin-cards elementor-grid\">\n\t\t\t\t<article class=\"elementor-post elementor-grid-item post-7866 post type-post status-publish format-standard has-post-thumbnail hentry category-recepti\">\n\t\t\t<div class=\"elementor-post__card\">\n\t\t\t\t<a class=\"elementor-post__thumbnail__link\" href=\"https:\/\/mlinarica.hr\/izmjene\/kremsnite-iz-mlinarice\/\" tabindex=\"-1\" ><div class=\"elementor-post__thumbnail\"><img fetchpriority=\"high\" decoding=\"async\" width=\"768\" height=\"513\" src=\"https:\/\/mlinarica.hr\/izmjene\/wp-content\/uploads\/2021\/01\/Mlinarica-kremsnite-768x513.jpg\" class=\"attachment-medium_large size-medium_large wp-image-703\" alt=\"\" srcset=\"https:\/\/mlinarica.hr\/izmjene\/wp-content\/uploads\/2021\/01\/Mlinarica-kremsnite-768x513.jpg 768w, https:\/\/mlinarica.hr\/izmjene\/wp-content\/uploads\/2021\/01\/Mlinarica-kremsnite-300x200.jpg 300w, https:\/\/mlinarica.hr\/izmjene\/wp-content\/uploads\/2021\/01\/Mlinarica-kremsnite-1024x684.jpg 1024w, https:\/\/mlinarica.hr\/izmjene\/wp-content\/uploads\/2021\/01\/Mlinarica-kremsnite-1536x1026.jpg 1536w, https:\/\/mlinarica.hr\/izmjene\/wp-content\/uploads\/2021\/01\/Mlinarica-kremsnite.jpg 1920w\" sizes=\"(max-width: 768px) 100vw, 768px\" \/><\/div><\/a>\n\t\t\t\t<div class=\"elementor-post__badge\">Recepti<\/div>\n\t\t\t\t<div class=\"elementor-post__text\">\n\t\t\t\t<h3 class=\"elementor-post__title\">\n\t\t\t<a href=\"https:\/\/mlinarica.hr\/izmjene\/kremsnite-iz-mlinarice\/\" >\n\t\t\t\tKrem\u0161nite iz Mlinarice\t\t\t<\/a>\n\t\t<\/h3>\n\t\t\t\t<div class=\"elementor-post__excerpt\">\n\t\t\t<p>Krem\u0161nite iz Mlinarice Puno su nam puta na\u0161i pojedini gosti rekli kako kod nas dolaze upravo radi krem\u0161nita, na \u0161to smo izrazito ponosni. Kada smo tek po\u010dinjali s ponudom krem\u0161nita<\/p>\n\t\t<\/div>\n\t\t\n\t\t<a class=\"elementor-post__read-more\" href=\"https:\/\/mlinarica.hr\/izmjene\/kremsnite-iz-mlinarice\/\" aria-label=\"Read more about Krem\u0161nite iz Mlinarice\" tabindex=\"-1\" >\n\t\t\tPro\u010ditaj vi\u0161e \u00bb\t\t<\/a>\n\n\t\t\t\t<\/div>\n\t\t\t\t<div class=\"elementor-post__meta-data\">\n\t\t\t\t\t<span class=\"elementor-post-date\">\n\t\t\t14. velja\u010de 2024.\t\t<\/span>\n\t\t\t\t<\/div>\n\t\t\t\t\t<\/div>\n\t\t<\/article>\n\t\t\t\t<article class=\"elementor-post elementor-grid-item post-7851 post type-post status-publish format-standard has-post-thumbnail hentry category-recepti\">\n\t\t\t<div class=\"elementor-post__card\">\n\t\t\t\t<a class=\"elementor-post__thumbnail__link\" href=\"https:\/\/mlinarica.hr\/izmjene\/spek-fileki-u-mlinarici\/\" tabindex=\"-1\" ><div class=\"elementor-post__thumbnail\"><img decoding=\"async\" width=\"768\" height=\"513\" src=\"https:\/\/mlinarica.hr\/izmjene\/wp-content\/uploads\/2021\/04\/DSC_6138-768x513.jpg\" class=\"attachment-medium_large size-medium_large wp-image-2309\" alt=\"tripice\" srcset=\"https:\/\/mlinarica.hr\/izmjene\/wp-content\/uploads\/2021\/04\/DSC_6138-768x513.jpg 768w, https:\/\/mlinarica.hr\/izmjene\/wp-content\/uploads\/2021\/04\/DSC_6138-300x200.jpg 300w, https:\/\/mlinarica.hr\/izmjene\/wp-content\/uploads\/2021\/04\/DSC_6138-1024x684.jpg 1024w, https:\/\/mlinarica.hr\/izmjene\/wp-content\/uploads\/2021\/04\/DSC_6138-1536x1026.jpg 1536w, https:\/\/mlinarica.hr\/izmjene\/wp-content\/uploads\/2021\/04\/DSC_6138.jpg 1920w\" sizes=\"(max-width: 768px) 100vw, 768px\" \/><\/div><\/a>\n\t\t\t\t<div class=\"elementor-post__badge\">Recepti<\/div>\n\t\t\t\t<div class=\"elementor-post__text\">\n\t\t\t\t<h3 class=\"elementor-post__title\">\n\t\t\t<a href=\"https:\/\/mlinarica.hr\/izmjene\/spek-fileki-u-mlinarici\/\" >\n\t\t\t\t\u0160pek fileki u Mlinarici\t\t\t<\/a>\n\t\t<\/h3>\n\t\t\t\t<div class=\"elementor-post__excerpt\">\n\t\t\t<p>\u0160pek fileki u Mlinarici Fileki, tripice, vampi, \u0161kembi\u0107i samo su neki od naziva za poznatu deliciju iz na\u0161ih krajeva. Na sam spomen fileka jednima po\u010dinju curiti sline, dok ih drugi<\/p>\n\t\t<\/div>\n\t\t\n\t\t<a class=\"elementor-post__read-more\" href=\"https:\/\/mlinarica.hr\/izmjene\/spek-fileki-u-mlinarici\/\" aria-label=\"Read more about \u0160pek fileki u Mlinarici\" tabindex=\"-1\" >\n\t\t\tPro\u010ditaj vi\u0161e \u00bb\t\t<\/a>\n\n\t\t\t\t<\/div>\n\t\t\t\t<div class=\"elementor-post__meta-data\">\n\t\t\t\t\t<span class=\"elementor-post-date\">\n\t\t\t11. velja\u010de 2024.\t\t<\/span>\n\t\t\t\t<\/div>\n\t\t\t\t\t<\/div>\n\t\t<\/article>\n\t\t\t\t<article class=\"elementor-post elementor-grid-item post-6640 post type-post status-publish format-standard has-post-thumbnail hentry category-recepti category-uncategosdfsdfffsasfafrized-hr\">\n\t\t\t<div class=\"elementor-post__card\">\n\t\t\t\t<a class=\"elementor-post__thumbnail__link\" href=\"https:\/\/mlinarica.hr\/izmjene\/kruh-iz-mlinarice\/\" tabindex=\"-1\" ><div class=\"elementor-post__thumbnail\"><img decoding=\"async\" width=\"768\" height=\"513\" src=\"https:\/\/mlinarica.hr\/izmjene\/wp-content\/uploads\/2021\/04\/Gableci-slider_4-768x513.jpg\" class=\"attachment-medium_large size-medium_large wp-image-1570\" alt=\"Doma\u0107i kruh\" srcset=\"https:\/\/mlinarica.hr\/izmjene\/wp-content\/uploads\/2021\/04\/Gableci-slider_4-768x513.jpg 768w, https:\/\/mlinarica.hr\/izmjene\/wp-content\/uploads\/2021\/04\/Gableci-slider_4-300x200.jpg 300w, https:\/\/mlinarica.hr\/izmjene\/wp-content\/uploads\/2021\/04\/Gableci-slider_4-1024x684.jpg 1024w, https:\/\/mlinarica.hr\/izmjene\/wp-content\/uploads\/2021\/04\/Gableci-slider_4-1536x1026.jpg 1536w, https:\/\/mlinarica.hr\/izmjene\/wp-content\/uploads\/2021\/04\/Gableci-slider_4.jpg 1920w\" sizes=\"(max-width: 768px) 100vw, 768px\" \/><\/div><\/a>\n\t\t\t\t<div class=\"elementor-post__badge\">Recepti<\/div>\n\t\t\t\t<div class=\"elementor-post__text\">\n\t\t\t\t<h3 class=\"elementor-post__title\">\n\t\t\t<a href=\"https:\/\/mlinarica.hr\/izmjene\/kruh-iz-mlinarice\/\" >\n\t\t\t\tKruh iz Mlinarice\t\t\t<\/a>\n\t\t<\/h3>\n\t\t\t\t<div class=\"elementor-post__excerpt\">\n\t\t\t<p>Puno smo puta od na\u0161ih gostiju \u010duli kako im je na\u0161 kruh fin kao neki kola\u010d te da ga mogu jesti<br \/>\n\u010dak i samog, bez ikakvog priloga.<\/p>\n\t\t<\/div>\n\t\t\n\t\t<a class=\"elementor-post__read-more\" href=\"https:\/\/mlinarica.hr\/izmjene\/kruh-iz-mlinarice\/\" aria-label=\"Read more about Kruh iz Mlinarice\" tabindex=\"-1\" >\n\t\t\tPro\u010ditaj vi\u0161e \u00bb\t\t<\/a>\n\n\t\t\t\t<\/div>\n\t\t\t\t<div class=\"elementor-post__meta-data\">\n\t\t\t\t\t<span class=\"elementor-post-date\">\n\t\t\t5. lipnja 2023.\t\t<\/span>\n\t\t\t\t<\/div>\n\t\t\t\t\t<\/div>\n\t\t<\/article>\n\t\t\t\t<article class=\"elementor-post elementor-grid-item post-5297 post type-post status-publish format-standard has-post-thumbnail hentry category-recepti\">\n\t\t\t<div class=\"elementor-post__card\">\n\t\t\t\t<a class=\"elementor-post__thumbnail__link\" href=\"https:\/\/mlinarica.hr\/izmjene\/strukli-mlinarica\/\" tabindex=\"-1\" ><div class=\"elementor-post__thumbnail\"><img loading=\"lazy\" decoding=\"async\" width=\"768\" height=\"513\" src=\"https:\/\/mlinarica.hr\/izmjene\/wp-content\/uploads\/2021\/04\/DSC_5047-Edit-768x513.jpg\" class=\"attachment-medium_large size-medium_large wp-image-2324\" alt=\"Pivnica Mlinarica, doma\u0107i zagorski \u0161trukli\" srcset=\"https:\/\/mlinarica.hr\/izmjene\/wp-content\/uploads\/2021\/04\/DSC_5047-Edit-768x513.jpg 768w, https:\/\/mlinarica.hr\/izmjene\/wp-content\/uploads\/2021\/04\/DSC_5047-Edit-300x200.jpg 300w, https:\/\/mlinarica.hr\/izmjene\/wp-content\/uploads\/2021\/04\/DSC_5047-Edit-1024x684.jpg 1024w, https:\/\/mlinarica.hr\/izmjene\/wp-content\/uploads\/2021\/04\/DSC_5047-Edit-1536x1026.jpg 1536w, https:\/\/mlinarica.hr\/izmjene\/wp-content\/uploads\/2021\/04\/DSC_5047-Edit.jpg 1920w\" sizes=\"(max-width: 768px) 100vw, 768px\" \/><\/div><\/a>\n\t\t\t\t<div class=\"elementor-post__badge\">Recepti<\/div>\n\t\t\t\t<div class=\"elementor-post__text\">\n\t\t\t\t<h3 class=\"elementor-post__title\">\n\t\t\t<a href=\"https:\/\/mlinarica.hr\/izmjene\/strukli-mlinarica\/\" >\n\t\t\t\t\u0160trukli Mlinarica\t\t\t<\/a>\n\t\t<\/h3>\n\t\t\t\t<div class=\"elementor-post__excerpt\">\n\t\t\t<p>\u201e\u0160trukli\u201c ili \u201ezagorski \u0161truklji\u201c poznato su zagorsko jelo i nezaobilazna delicija u Mlinarici. Kao \u0161to ve\u0107inu<br \/>\ndeserta radimo sami, tako i \u0161trukle rade vrijedne ruke Mlinarice.<\/p>\n\t\t<\/div>\n\t\t\n\t\t<a class=\"elementor-post__read-more\" href=\"https:\/\/mlinarica.hr\/izmjene\/strukli-mlinarica\/\" aria-label=\"Read more about \u0160trukli Mlinarica\" tabindex=\"-1\" >\n\t\t\tPro\u010ditaj vi\u0161e \u00bb\t\t<\/a>\n\n\t\t\t\t<\/div>\n\t\t\t\t<div class=\"elementor-post__meta-data\">\n\t\t\t\t\t<span class=\"elementor-post-date\">\n\t\t\t7. lipnja 2022.\t\t<\/span>\n\t\t\t\t<\/div>\n\t\t\t\t\t<\/div>\n\t\t<\/article>\n\t\t\t\t<article class=\"elementor-post elementor-grid-item post-3964 post type-post status-publish format-standard has-post-thumbnail hentry category-recepti\">\n\t\t\t<div class=\"elementor-post__card\">\n\t\t\t\t<a class=\"elementor-post__thumbnail__link\" href=\"https:\/\/mlinarica.hr\/izmjene\/domace-krvavice-iz-mlinarice\/\" tabindex=\"-1\" ><div class=\"elementor-post__thumbnail\"><img loading=\"lazy\" decoding=\"async\" width=\"768\" height=\"512\" src=\"https:\/\/mlinarica.hr\/izmjene\/wp-content\/uploads\/2022\/01\/Pivnica-i-pivovara-mlinarica-krvavice-cijedjenje-768x512.jpg\" class=\"attachment-medium_large size-medium_large wp-image-3967\" alt=\"Doma\u0107e krvavice-Mlinarica-cije\u0111enje\" srcset=\"https:\/\/mlinarica.hr\/izmjene\/wp-content\/uploads\/2022\/01\/Pivnica-i-pivovara-mlinarica-krvavice-cijedjenje-768x512.jpg 768w, https:\/\/mlinarica.hr\/izmjene\/wp-content\/uploads\/2022\/01\/Pivnica-i-pivovara-mlinarica-krvavice-cijedjenje-300x200.jpg 300w, https:\/\/mlinarica.hr\/izmjene\/wp-content\/uploads\/2022\/01\/Pivnica-i-pivovara-mlinarica-krvavice-cijedjenje-1024x683.jpg 1024w, https:\/\/mlinarica.hr\/izmjene\/wp-content\/uploads\/2022\/01\/Pivnica-i-pivovara-mlinarica-krvavice-cijedjenje-1536x1024.jpg 1536w, https:\/\/mlinarica.hr\/izmjene\/wp-content\/uploads\/2022\/01\/Pivnica-i-pivovara-mlinarica-krvavice-cijedjenje.jpg 1920w\" sizes=\"(max-width: 768px) 100vw, 768px\" \/><\/div><\/a>\n\t\t\t\t<div class=\"elementor-post__badge\">Recepti<\/div>\n\t\t\t\t<div class=\"elementor-post__text\">\n\t\t\t\t<h3 class=\"elementor-post__title\">\n\t\t\t<a href=\"https:\/\/mlinarica.hr\/izmjene\/domace-krvavice-iz-mlinarice\/\" >\n\t\t\t\tDoma\u0107e krvavice iz Mlinarice\t\t\t<\/a>\n\t\t<\/h3>\n\t\t\t\t<div class=\"elementor-post__excerpt\">\n\t\t\t<p>Doma\u0107e krvavice iz Mlinarice Ve\u0107 dugi niz godina, kad nam zamiri\u0161e zima, sami radimo svoje doma\u0107e krvavice.Najprije smo krenuli oko 2006. godine, iz znati\u017eelje. Imali smo bakin i dedin recept,<\/p>\n\t\t<\/div>\n\t\t\n\t\t<a class=\"elementor-post__read-more\" href=\"https:\/\/mlinarica.hr\/izmjene\/domace-krvavice-iz-mlinarice\/\" aria-label=\"Read more about Doma\u0107e krvavice iz Mlinarice\" tabindex=\"-1\" >\n\t\t\tPro\u010ditaj vi\u0161e \u00bb\t\t<\/a>\n\n\t\t\t\t<\/div>\n\t\t\t\t<div class=\"elementor-post__meta-data\">\n\t\t\t\t\t<span class=\"elementor-post-date\">\n\t\t\t23. sije\u010dnja 2022.\t\t<\/span>\n\t\t\t\t<\/div>\n\t\t\t\t\t<\/div>\n\t\t<\/article>\n\t\t\t\t<\/div>\n\t\t\n\t\t\t\t<\/div>\n\t\t\t\t<\/div>\n\t\t\t\t\t<\/div>\n\t\t<\/div>\n\t\t\t\t\t<\/div>\n\t\t<\/section>\n\t\t\t\t\t<\/div>\n\t\t<\/div>\n\t\t\t\t\t<\/div>\n\t\t<\/section>\n\t\t\t\t<\/div>\n\t\t","protected":false},"excerpt":{"rendered":"<p>Recepti bake Mlinarice U ovoj sekciji nau\u010diti \u0107e te male tajne kuharstva koje se odvijaju u na\u0161oj\u00a0kuhinji.<\/p>\n","protected":false},"author":1,"featured_media":0,"parent":0,"menu_order":0,"comment_status":"closed","ping_status":"closed","template":"elementor_header_footer","meta":{"_acf_changed":false,"footnotes":""},"class_list":["post-3960","page","type-page","status-publish","hentry"],"acf":[],"yoast_head":"<!-- This site is optimized with the Yoast SEO plugin v23.4 - https:\/\/yoast.com\/wordpress\/plugins\/seo\/ -->\n<title>Recepti bake mlinarice - Pivnica i pivovara Mlinarica<\/title>\n<meta name=\"robots\" content=\"noindex, follow, max-snippet:-1, max-image-preview:large, max-video-preview:-1\" \/>\n<meta property=\"og:locale\" content=\"hr_HR\" \/>\n<meta property=\"og:type\" content=\"article\" \/>\n<meta property=\"og:title\" content=\"Recepti bake mlinarice - Pivnica i pivovara Mlinarica\" \/>\n<meta property=\"og:description\" content=\"Recepti bake Mlinarice U ovoj sekciji nau\u010diti \u0107e te male tajne kuharstva koje se odvijaju u na\u0161oj\u00a0kuhinji.\" \/>\n<meta property=\"og:url\" content=\"https:\/\/mlinarica.hr\/izmjene\/recepti-bake-mlinarice\/\" \/>\n<meta property=\"og:site_name\" content=\"Pivnica i pivovara Mlinarica\" \/>\n<meta property=\"article:modified_time\" content=\"2022-06-07T12:02:22+00:00\" \/>\n<meta name=\"twitter:card\" content=\"summary_large_image\" \/>\n<meta name=\"twitter:label1\" content=\"Procijenjeno vrijeme \u010ditanja\" \/>\n\t<meta name=\"twitter:data1\" content=\"1 minuta\" \/>\n<script type=\"application\/ld+json\" class=\"yoast-schema-graph\">{\"@context\":\"https:\/\/schema.org\",\"@graph\":[{\"@type\":\"WebPage\",\"@id\":\"https:\/\/mlinarica.hr\/izmjene\/recepti-bake-mlinarice\/\",\"url\":\"https:\/\/mlinarica.hr\/izmjene\/recepti-bake-mlinarice\/\",\"name\":\"Recepti bake mlinarice - Pivnica i pivovara Mlinarica\",\"isPartOf\":{\"@id\":\"https:\/\/mlinarica.hr\/izmjene\/#website\"},\"datePublished\":\"2022-01-23T19:02:17+00:00\",\"dateModified\":\"2022-06-07T12:02:22+00:00\",\"breadcrumb\":{\"@id\":\"https:\/\/mlinarica.hr\/izmjene\/recepti-bake-mlinarice\/#breadcrumb\"},\"inLanguage\":\"hr\",\"potentialAction\":[{\"@type\":\"ReadAction\",\"target\":[\"https:\/\/mlinarica.hr\/izmjene\/recepti-bake-mlinarice\/\"]}]},{\"@type\":\"BreadcrumbList\",\"@id\":\"https:\/\/mlinarica.hr\/izmjene\/recepti-bake-mlinarice\/#breadcrumb\",\"itemListElement\":[{\"@type\":\"ListItem\",\"position\":1,\"name\":\"Po\u010detna stranica\",\"item\":\"https:\/\/mlinarica.hr\/izmjene\/\"},{\"@type\":\"ListItem\",\"position\":2,\"name\":\"Recepti bake mlinarice\"}]},{\"@type\":\"WebSite\",\"@id\":\"https:\/\/mlinarica.hr\/izmjene\/#website\",\"url\":\"https:\/\/mlinarica.hr\/izmjene\/\",\"name\":\"Pivnica i pivovara Mlinarica\",\"description\":\"Doma\u0107a hrana i vlastito craft pivo\",\"publisher\":{\"@id\":\"https:\/\/mlinarica.hr\/izmjene\/#organization\"},\"potentialAction\":[{\"@type\":\"SearchAction\",\"target\":{\"@type\":\"EntryPoint\",\"urlTemplate\":\"https:\/\/mlinarica.hr\/izmjene\/?s={search_term_string}\"},\"query-input\":{\"@type\":\"PropertyValueSpecification\",\"valueRequired\":true,\"valueName\":\"search_term_string\"}}],\"inLanguage\":\"hr\"},{\"@type\":\"Organization\",\"@id\":\"https:\/\/mlinarica.hr\/izmjene\/#organization\",\"name\":\"Pivnica i pivovara Mlinarica\",\"url\":\"https:\/\/mlinarica.hr\/izmjene\/\",\"logo\":{\"@type\":\"ImageObject\",\"inLanguage\":\"hr\",\"@id\":\"https:\/\/mlinarica.hr\/izmjene\/#\/schema\/logo\/image\/\",\"url\":\"https:\/\/mlinarica.hr\/izmjene\/wp-content\/uploads\/2020\/12\/cropped-Mlinarica_siteicon.png\",\"contentUrl\":\"https:\/\/mlinarica.hr\/izmjene\/wp-content\/uploads\/2020\/12\/cropped-Mlinarica_siteicon.png\",\"width\":504,\"height\":426,\"caption\":\"Pivnica i pivovara Mlinarica\"},\"image\":{\"@id\":\"https:\/\/mlinarica.hr\/izmjene\/#\/schema\/logo\/image\/\"}}]}<\/script>\n<!-- \/ Yoast SEO plugin. -->","yoast_head_json":{"title":"Recepti bake mlinarice - Pivnica i pivovara Mlinarica","robots":{"index":"noindex","follow":"follow","max-snippet":"max-snippet:-1","max-image-preview":"max-image-preview:large","max-video-preview":"max-video-preview:-1"},"og_locale":"hr_HR","og_type":"article","og_title":"Recepti bake mlinarice - Pivnica i pivovara Mlinarica","og_description":"Recepti bake Mlinarice U ovoj sekciji nau\u010diti \u0107e te male tajne kuharstva koje se odvijaju u na\u0161oj\u00a0kuhinji.","og_url":"https:\/\/mlinarica.hr\/izmjene\/recepti-bake-mlinarice\/","og_site_name":"Pivnica i pivovara Mlinarica","article_modified_time":"2022-06-07T12:02:22+00:00","twitter_card":"summary_large_image","twitter_misc":{"Procijenjeno vrijeme \u010ditanja":"1 minuta"},"schema":{"@context":"https:\/\/schema.org","@graph":[{"@type":"WebPage","@id":"https:\/\/mlinarica.hr\/izmjene\/recepti-bake-mlinarice\/","url":"https:\/\/mlinarica.hr\/izmjene\/recepti-bake-mlinarice\/","name":"Recepti bake mlinarice - Pivnica i pivovara Mlinarica","isPartOf":{"@id":"https:\/\/mlinarica.hr\/izmjene\/#website"},"datePublished":"2022-01-23T19:02:17+00:00","dateModified":"2022-06-07T12:02:22+00:00","breadcrumb":{"@id":"https:\/\/mlinarica.hr\/izmjene\/recepti-bake-mlinarice\/#breadcrumb"},"inLanguage":"hr","potentialAction":[{"@type":"ReadAction","target":["https:\/\/mlinarica.hr\/izmjene\/recepti-bake-mlinarice\/"]}]},{"@type":"BreadcrumbList","@id":"https:\/\/mlinarica.hr\/izmjene\/recepti-bake-mlinarice\/#breadcrumb","itemListElement":[{"@type":"ListItem","position":1,"name":"Po\u010detna stranica","item":"https:\/\/mlinarica.hr\/izmjene\/"},{"@type":"ListItem","position":2,"name":"Recepti bake mlinarice"}]},{"@type":"WebSite","@id":"https:\/\/mlinarica.hr\/izmjene\/#website","url":"https:\/\/mlinarica.hr\/izmjene\/","name":"Pivnica i pivovara Mlinarica","description":"Doma\u0107a hrana i vlastito craft pivo","publisher":{"@id":"https:\/\/mlinarica.hr\/izmjene\/#organization"},"potentialAction":[{"@type":"SearchAction","target":{"@type":"EntryPoint","urlTemplate":"https:\/\/mlinarica.hr\/izmjene\/?s={search_term_string}"},"query-input":{"@type":"PropertyValueSpecification","valueRequired":true,"valueName":"search_term_string"}}],"inLanguage":"hr"},{"@type":"Organization","@id":"https:\/\/mlinarica.hr\/izmjene\/#organization","name":"Pivnica i pivovara Mlinarica","url":"https:\/\/mlinarica.hr\/izmjene\/","logo":{"@type":"ImageObject","inLanguage":"hr","@id":"https:\/\/mlinarica.hr\/izmjene\/#\/schema\/logo\/image\/","url":"https:\/\/mlinarica.hr\/izmjene\/wp-content\/uploads\/2020\/12\/cropped-Mlinarica_siteicon.png","contentUrl":"https:\/\/mlinarica.hr\/izmjene\/wp-content\/uploads\/2020\/12\/cropped-Mlinarica_siteicon.png","width":504,"height":426,"caption":"Pivnica i pivovara Mlinarica"},"image":{"@id":"https:\/\/mlinarica.hr\/izmjene\/#\/schema\/logo\/image\/"}}]}},"_links":{"self":[{"href":"https:\/\/mlinarica.hr\/izmjene\/wp-json\/wp\/v2\/pages\/3960"}],"collection":[{"href":"https:\/\/mlinarica.hr\/izmjene\/wp-json\/wp\/v2\/pages"}],"about":[{"href":"https:\/\/mlinarica.hr\/izmjene\/wp-json\/wp\/v2\/types\/page"}],"author":[{"embeddable":true,"href":"https:\/\/mlinarica.hr\/izmjene\/wp-json\/wp\/v2\/users\/1"}],"replies":[{"embeddable":true,"href":"https:\/\/mlinarica.hr\/izmjene\/wp-json\/wp\/v2\/comments?post=3960"}],"version-history":[{"count":18,"href":"https:\/\/mlinarica.hr\/izmjene\/wp-json\/wp\/v2\/pages\/3960\/revisions"}],"predecessor-version":[{"id":5332,"href":"https:\/\/mlinarica.hr\/izmjene\/wp-json\/wp\/v2\/pages\/3960\/revisions\/5332"}],"wp:attachment":[{"href":"https:\/\/mlinarica.hr\/izmjene\/wp-json\/wp\/v2\/media?parent=3960"}],"curies":[{"name":"wp","href":"https:\/\/api.w.org\/{rel}","templated":true}]}}