{"id":3424,"date":"2021-08-23T09:00:33","date_gmt":"2021-08-23T09:00:33","guid":{"rendered":"https:\/\/mlinarica.hr\/izmjene\/?page_id=3424"},"modified":"2024-03-26T15:41:05","modified_gmt":"2024-03-26T15:41:05","slug":"pivski-kutak","status":"publish","type":"page","link":"https:\/\/mlinarica.hr\/izmjene\/pivski-kutak\/","title":{"rendered":"Pivski kutak"},"content":{"rendered":"\t\t<div data-elementor-type=\"wp-page\" data-elementor-id=\"3424\" class=\"elementor elementor-3424\" data-elementor-post-type=\"page\">\n\t\t\t\t\t\t<section class=\"elementor-section elementor-top-section elementor-element elementor-element-f412305 elementor-section-full_width elementor-section-height-default elementor-section-height-default\" data-id=\"f412305\" data-element_type=\"section\" data-settings=\"{&quot;background_background&quot;:&quot;classic&quot;}\">\n\t\t\t\t\t\t\t<div class=\"elementor-background-overlay\"><\/div>\n\t\t\t\t\t\t\t<div class=\"elementor-container elementor-column-gap-no\">\n\t\t\t\t\t<div class=\"elementor-column elementor-col-100 elementor-top-column elementor-element elementor-element-9d87fbd\" data-id=\"9d87fbd\" data-element_type=\"column\">\n\t\t\t<div class=\"elementor-widget-wrap elementor-element-populated\">\n\t\t\t\t\t\t<section class=\"elementor-section elementor-inner-section elementor-element elementor-element-e3be691 elementor-section-full_width elementor-section-height-default elementor-section-height-default\" data-id=\"e3be691\" data-element_type=\"section\" data-settings=\"{&quot;background_background&quot;:&quot;classic&quot;}\">\n\t\t\t\t\t\t<div class=\"elementor-container elementor-column-gap-default\">\n\t\t\t\t\t<div class=\"elementor-column elementor-col-100 elementor-inner-column elementor-element elementor-element-bbcbdf8\" data-id=\"bbcbdf8\" data-element_type=\"column\" data-settings=\"{&quot;background_background&quot;:&quot;classic&quot;}\">\n\t\t\t<div class=\"elementor-widget-wrap elementor-element-populated\">\n\t\t\t\t\t\t<div class=\"elementor-element elementor-element-9db6e78 elementor-widget elementor-widget-heading\" data-id=\"9db6e78\" data-element_type=\"widget\" data-widget_type=\"heading.default\">\n\t\t\t\t<div class=\"elementor-widget-container\">\n\t\t\t<h2 class=\"elementor-heading-title elementor-size-default\">Pivski kutak<\/h2>\t\t<\/div>\n\t\t\t\t<\/div>\n\t\t\t\t<div class=\"elementor-element elementor-element-5238fee elementor-widget elementor-widget-text-editor\" data-id=\"5238fee\" data-element_type=\"widget\" data-widget_type=\"text-editor.default\">\n\t\t\t\t<div class=\"elementor-widget-container\">\n\t\t\t\t\t\t\t<p>U pivskom kutku \u0107e te nau\u010diti male tajne pivarstva i saznati pone\u0161to o pivskoj povijesti, pivskim stilovima, mitovima i zabludama o pivi te za\u0161to je craft pivo sve popularnije.<\/p>\t\t\t\t\t\t<\/div>\n\t\t\t\t<\/div>\n\t\t\t\t\t<\/div>\n\t\t<\/div>\n\t\t\t\t\t<\/div>\n\t\t<\/section>\n\t\t\t\t<section class=\"elementor-section elementor-inner-section elementor-element elementor-element-1653a5b elementor-section-boxed elementor-section-height-default elementor-section-height-default\" data-id=\"1653a5b\" data-element_type=\"section\">\n\t\t\t\t\t\t<div class=\"elementor-container elementor-column-gap-default\">\n\t\t\t\t\t<div class=\"elementor-column elementor-col-100 elementor-inner-column elementor-element elementor-element-b0dfd9e\" data-id=\"b0dfd9e\" data-element_type=\"column\">\n\t\t\t<div class=\"elementor-widget-wrap elementor-element-populated\">\n\t\t\t\t\t\t<div class=\"elementor-element elementor-element-7e8ba3b elementor-grid-4 elementor-grid-tablet-2 elementor-grid-mobile-1 elementor-posts--thumbnail-top elementor-card-shadow-yes elementor-posts__hover-gradient elementor-widget elementor-widget-posts\" data-id=\"7e8ba3b\" data-element_type=\"widget\" data-settings=\"{&quot;cards_columns&quot;:&quot;4&quot;,&quot;cards_columns_tablet&quot;:&quot;2&quot;,&quot;cards_columns_mobile&quot;:&quot;1&quot;,&quot;cards_row_gap&quot;:{&quot;unit&quot;:&quot;px&quot;,&quot;size&quot;:35,&quot;sizes&quot;:[]},&quot;cards_row_gap_tablet&quot;:{&quot;unit&quot;:&quot;px&quot;,&quot;size&quot;:&quot;&quot;,&quot;sizes&quot;:[]},&quot;cards_row_gap_mobile&quot;:{&quot;unit&quot;:&quot;px&quot;,&quot;size&quot;:&quot;&quot;,&quot;sizes&quot;:[]}}\" data-widget_type=\"posts.cards\">\n\t\t\t\t<div class=\"elementor-widget-container\">\n\t\t\t\t\t<div class=\"elementor-posts-container elementor-posts elementor-posts--skin-cards elementor-grid\">\n\t\t\t\t<article class=\"elementor-post elementor-grid-item post-8443 post type-post status-publish format-standard has-post-thumbnail hentry category-pivskikutak\">\n\t\t\t<div class=\"elementor-post__card\">\n\t\t\t\t<a class=\"elementor-post__thumbnail__link\" href=\"https:\/\/mlinarica.hr\/izmjene\/nostra-nagradna-igra\/\" tabindex=\"-1\" ><div class=\"elementor-post__thumbnail\"><img fetchpriority=\"high\" decoding=\"async\" width=\"768\" height=\"320\" src=\"https:\/\/mlinarica.hr\/izmjene\/wp-content\/uploads\/2024\/03\/Nostra_featured-768x320.png\" class=\"attachment-medium_large size-medium_large wp-image-8506\" alt=\"\" srcset=\"https:\/\/mlinarica.hr\/izmjene\/wp-content\/uploads\/2024\/03\/Nostra_featured-768x320.png 768w, https:\/\/mlinarica.hr\/izmjene\/wp-content\/uploads\/2024\/03\/Nostra_featured-300x125.png 300w, https:\/\/mlinarica.hr\/izmjene\/wp-content\/uploads\/2024\/03\/Nostra_featured-1024x427.png 1024w, https:\/\/mlinarica.hr\/izmjene\/wp-content\/uploads\/2024\/03\/Nostra_featured-1536x640.png 1536w, https:\/\/mlinarica.hr\/izmjene\/wp-content\/uploads\/2024\/03\/Nostra_featured.png 1920w\" sizes=\"(max-width: 768px) 100vw, 768px\" \/><\/div><\/a>\n\t\t\t\t<div class=\"elementor-post__text\">\n\t\t\t\t<h3 class=\"elementor-post__title\">\n\t\t\t<a href=\"https:\/\/mlinarica.hr\/izmjene\/nostra-nagradna-igra\/\" >\n\t\t\t\tNostra nagradna igra\t\t\t<\/a>\n\t\t<\/h3>\n\t\t\t\t<div class=\"elementor-post__excerpt\">\n\t\t\t<p>Nostra nagradna igra Nostra je na\u0161 ovogodi\u0161nji pivsko-stipovski serijal koji \u0107e vas provesti kroz svijet mafije u doba prohibicije! Ova pri\u010da bit \u0107e ispunjena intrigom, akcijom i neo\u010dekivanim obratima, a<\/p>\n\t\t<\/div>\n\t\t\n\t\t<a class=\"elementor-post__read-more\" href=\"https:\/\/mlinarica.hr\/izmjene\/nostra-nagradna-igra\/\" aria-label=\"Read more about Nostra nagradna igra\" tabindex=\"-1\" >\n\t\t\tPro\u010ditaj vi\u0161e \u00bb\t\t<\/a>\n\n\t\t\t\t<\/div>\n\t\t\t\t<div class=\"elementor-post__meta-data\">\n\t\t\t\t\t<span class=\"elementor-post-date\">\n\t\t\t22. o\u017eujka 2024.\t\t<\/span>\n\t\t\t\t<\/div>\n\t\t\t\t\t<\/div>\n\t\t<\/article>\n\t\t\t\t<article class=\"elementor-post elementor-grid-item post-3972 post type-post status-publish format-standard has-post-thumbnail hentry category-pivskikutak\">\n\t\t\t<div class=\"elementor-post__card\">\n\t\t\t\t<a class=\"elementor-post__thumbnail__link\" href=\"https:\/\/mlinarica.hr\/izmjene\/koja-je-definicija-craft-piva-i-sto-je-tocno-craft-pivovara\/\" tabindex=\"-1\" ><div class=\"elementor-post__thumbnail\"><img decoding=\"async\" width=\"768\" height=\"653\" src=\"https:\/\/mlinarica.hr\/izmjene\/wp-content\/uploads\/2022\/01\/mlinarica-jesu-li-to-craft-piva-768x653.jpg\" class=\"attachment-medium_large size-medium_large wp-image-4027\" alt=\"jesu li to craft piva\" srcset=\"https:\/\/mlinarica.hr\/izmjene\/wp-content\/uploads\/2022\/01\/mlinarica-jesu-li-to-craft-piva-768x653.jpg 768w, https:\/\/mlinarica.hr\/izmjene\/wp-content\/uploads\/2022\/01\/mlinarica-jesu-li-to-craft-piva-300x255.jpg 300w, https:\/\/mlinarica.hr\/izmjene\/wp-content\/uploads\/2022\/01\/mlinarica-jesu-li-to-craft-piva-1024x871.jpg 1024w, https:\/\/mlinarica.hr\/izmjene\/wp-content\/uploads\/2022\/01\/mlinarica-jesu-li-to-craft-piva.jpg 1274w\" sizes=\"(max-width: 768px) 100vw, 768px\" \/><\/div><\/a>\n\t\t\t\t<div class=\"elementor-post__text\">\n\t\t\t\t<h3 class=\"elementor-post__title\">\n\t\t\t<a href=\"https:\/\/mlinarica.hr\/izmjene\/koja-je-definicija-craft-piva-i-sto-je-tocno-craft-pivovara\/\" >\n\t\t\t\tKoja je definicija craft piva i \u0161to je to\u010dno craft pivovara?\t\t\t<\/a>\n\t\t<\/h3>\n\t\t\t\t<div class=\"elementor-post__excerpt\">\n\t\t\t<p>Koja je definicija craft piva i \u0161to je to\u010dno craft pivovara? Jesu li to craft piva? Najjednostavnija definicija craft piva jest da je craft pivo pivo koje je proizvela mala<\/p>\n\t\t<\/div>\n\t\t\n\t\t<a class=\"elementor-post__read-more\" href=\"https:\/\/mlinarica.hr\/izmjene\/koja-je-definicija-craft-piva-i-sto-je-tocno-craft-pivovara\/\" aria-label=\"Read more about Koja je definicija craft piva i \u0161to je to\u010dno craft pivovara?\" tabindex=\"-1\" >\n\t\t\tPro\u010ditaj vi\u0161e \u00bb\t\t<\/a>\n\n\t\t\t\t<\/div>\n\t\t\t\t<div class=\"elementor-post__meta-data\">\n\t\t\t\t\t<span class=\"elementor-post-date\">\n\t\t\t23. sije\u010dnja 2022.\t\t<\/span>\n\t\t\t\t<\/div>\n\t\t\t\t\t<\/div>\n\t\t<\/article>\n\t\t\t\t<article class=\"elementor-post elementor-grid-item post-3474 post type-post status-publish format-standard has-post-thumbnail hentry category-pivskikutak\">\n\t\t\t<div class=\"elementor-post__card\">\n\t\t\t\t<a class=\"elementor-post__thumbnail__link\" href=\"https:\/\/mlinarica.hr\/izmjene\/savages-are-here\/\" tabindex=\"-1\" ><div class=\"elementor-post__thumbnail\"><img decoding=\"async\" width=\"768\" height=\"513\" src=\"https:\/\/mlinarica.hr\/izmjene\/wp-content\/uploads\/2021\/08\/Mlinarica-Savages-768x513.jpg\" class=\"attachment-medium_large size-medium_large wp-image-3552\" alt=\"\" srcset=\"https:\/\/mlinarica.hr\/izmjene\/wp-content\/uploads\/2021\/08\/Mlinarica-Savages-768x513.jpg 768w, https:\/\/mlinarica.hr\/izmjene\/wp-content\/uploads\/2021\/08\/Mlinarica-Savages-300x200.jpg 300w, https:\/\/mlinarica.hr\/izmjene\/wp-content\/uploads\/2021\/08\/Mlinarica-Savages-1024x684.jpg 1024w, https:\/\/mlinarica.hr\/izmjene\/wp-content\/uploads\/2021\/08\/Mlinarica-Savages-1536x1026.jpg 1536w, https:\/\/mlinarica.hr\/izmjene\/wp-content\/uploads\/2021\/08\/Mlinarica-Savages.jpg 1920w\" sizes=\"(max-width: 768px) 100vw, 768px\" \/><\/div><\/a>\n\t\t\t\t<div class=\"elementor-post__text\">\n\t\t\t\t<h3 class=\"elementor-post__title\">\n\t\t\t<a href=\"https:\/\/mlinarica.hr\/izmjene\/savages-are-here\/\" >\n\t\t\t\tSavages are here\t\t\t<\/a>\n\t\t<\/h3>\n\t\t\t\t<div class=\"elementor-post__excerpt\">\n\t\t\t<p>Savages are here! Nakon vi\u0161e od godinu dana odle\u017eavnja do\u0161lo je vrijeme da krenemo sa na\u0161om prvom serijom Mixedfermentation soura beers imena SAVAGE!SAVAGES ili divljaci su serija soura nastala od<\/p>\n\t\t<\/div>\n\t\t\n\t\t<a class=\"elementor-post__read-more\" href=\"https:\/\/mlinarica.hr\/izmjene\/savages-are-here\/\" aria-label=\"Read more about Savages are here\" tabindex=\"-1\" >\n\t\t\tPro\u010ditaj vi\u0161e \u00bb\t\t<\/a>\n\n\t\t\t\t<\/div>\n\t\t\t\t<div class=\"elementor-post__meta-data\">\n\t\t\t\t\t<span class=\"elementor-post-date\">\n\t\t\t23. kolovoza 2021.\t\t<\/span>\n\t\t\t\t<\/div>\n\t\t\t\t\t<\/div>\n\t\t<\/article>\n\t\t\t\t<article class=\"elementor-post elementor-grid-item post-3446 post type-post status-publish format-standard has-post-thumbnail hentry category-pivskikutak\">\n\t\t\t<div class=\"elementor-post__card\">\n\t\t\t\t<a class=\"elementor-post__thumbnail__link\" href=\"https:\/\/mlinarica.hr\/izmjene\/proizvodnja-piva\/\" tabindex=\"-1\" ><div class=\"elementor-post__thumbnail\"><img loading=\"lazy\" decoding=\"async\" width=\"768\" height=\"512\" src=\"https:\/\/mlinarica.hr\/izmjene\/wp-content\/uploads\/2021\/08\/Mlinarica-proces-768x512.png\" class=\"attachment-medium_large size-medium_large wp-image-3676\" alt=\"\" srcset=\"https:\/\/mlinarica.hr\/izmjene\/wp-content\/uploads\/2021\/08\/Mlinarica-proces-768x512.png 768w, https:\/\/mlinarica.hr\/izmjene\/wp-content\/uploads\/2021\/08\/Mlinarica-proces-300x200.png 300w, https:\/\/mlinarica.hr\/izmjene\/wp-content\/uploads\/2021\/08\/Mlinarica-proces-1024x683.png 1024w, https:\/\/mlinarica.hr\/izmjene\/wp-content\/uploads\/2021\/08\/Mlinarica-proces-1536x1024.png 1536w, https:\/\/mlinarica.hr\/izmjene\/wp-content\/uploads\/2021\/08\/Mlinarica-proces.png 1920w\" sizes=\"(max-width: 768px) 100vw, 768px\" \/><\/div><\/a>\n\t\t\t\t<div class=\"elementor-post__text\">\n\t\t\t\t<h3 class=\"elementor-post__title\">\n\t\t\t<a href=\"https:\/\/mlinarica.hr\/izmjene\/proizvodnja-piva\/\" >\n\t\t\t\tProizvodnja piva\t\t\t<\/a>\n\t\t<\/h3>\n\t\t\t\t<div class=\"elementor-post__excerpt\">\n\t\t\t<p>Kako se proizvodi pivo u na\u0161oj pivovari?<br \/>\nOvdje \u0107ete saznati kako!<\/p>\n\t\t<\/div>\n\t\t\n\t\t<a class=\"elementor-post__read-more\" href=\"https:\/\/mlinarica.hr\/izmjene\/proizvodnja-piva\/\" aria-label=\"Read more about Proizvodnja piva\" tabindex=\"-1\" >\n\t\t\tPro\u010ditaj vi\u0161e \u00bb\t\t<\/a>\n\n\t\t\t\t<\/div>\n\t\t\t\t<div class=\"elementor-post__meta-data\">\n\t\t\t\t\t<span class=\"elementor-post-date\">\n\t\t\t23. kolovoza 2021.\t\t<\/span>\n\t\t\t\t<\/div>\n\t\t\t\t\t<\/div>\n\t\t<\/article>\n\t\t\t\t<article class=\"elementor-post elementor-grid-item post-3432 post type-post status-publish format-standard has-post-thumbnail hentry category-pivskikutak\">\n\t\t\t<div class=\"elementor-post__card\">\n\t\t\t\t<a class=\"elementor-post__thumbnail__link\" href=\"https:\/\/mlinarica.hr\/izmjene\/sto-je-kiselo-pivo-kako-se-rade-i-zasto-piti-kisela-piva\/\" tabindex=\"-1\" ><div class=\"elementor-post__thumbnail\"><img loading=\"lazy\" decoding=\"async\" width=\"768\" height=\"512\" src=\"https:\/\/mlinarica.hr\/izmjene\/wp-content\/uploads\/2021\/08\/mlinarica-sto-je-kiselo-pivo-1-768x512.jpg\" class=\"attachment-medium_large size-medium_large wp-image-4048\" alt=\"mlinarica \u0161to je kiselo pivo\" srcset=\"https:\/\/mlinarica.hr\/izmjene\/wp-content\/uploads\/2021\/08\/mlinarica-sto-je-kiselo-pivo-1-768x512.jpg 768w, https:\/\/mlinarica.hr\/izmjene\/wp-content\/uploads\/2021\/08\/mlinarica-sto-je-kiselo-pivo-1-300x200.jpg 300w, https:\/\/mlinarica.hr\/izmjene\/wp-content\/uploads\/2021\/08\/mlinarica-sto-je-kiselo-pivo-1-1024x683.jpg 1024w, https:\/\/mlinarica.hr\/izmjene\/wp-content\/uploads\/2021\/08\/mlinarica-sto-je-kiselo-pivo-1-1536x1024.jpg 1536w, https:\/\/mlinarica.hr\/izmjene\/wp-content\/uploads\/2021\/08\/mlinarica-sto-je-kiselo-pivo-1.jpg 1920w\" sizes=\"(max-width: 768px) 100vw, 768px\" \/><\/div><\/a>\n\t\t\t\t<div class=\"elementor-post__text\">\n\t\t\t\t<h3 class=\"elementor-post__title\">\n\t\t\t<a href=\"https:\/\/mlinarica.hr\/izmjene\/sto-je-kiselo-pivo-kako-se-rade-i-zasto-piti-kisela-piva\/\" >\n\t\t\t\t\u0160to je kiselo pivo, kako se radi kiselo pivo i za\u0161to piti kisela piva?\t\t\t<\/a>\n\t\t<\/h3>\n\t\t\t\t<div class=\"elementor-post__excerpt\">\n\t\t\t<p>\u0160to je kiselo pivo, kako se radi kiselo pivo i za\u0161to piti kisela piva? Ovo pivo je pokvareno! Kiselo je! Izraz je koji ste mo\u017eda \u010duli, a mo\u017eda ste i<\/p>\n\t\t<\/div>\n\t\t\n\t\t<a class=\"elementor-post__read-more\" href=\"https:\/\/mlinarica.hr\/izmjene\/sto-je-kiselo-pivo-kako-se-rade-i-zasto-piti-kisela-piva\/\" aria-label=\"Read more about \u0160to je kiselo pivo, kako se radi kiselo pivo i za\u0161to piti kisela piva?\" tabindex=\"-1\" >\n\t\t\tPro\u010ditaj vi\u0161e \u00bb\t\t<\/a>\n\n\t\t\t\t<\/div>\n\t\t\t\t<div class=\"elementor-post__meta-data\">\n\t\t\t\t\t<span class=\"elementor-post-date\">\n\t\t\t23. kolovoza 2021.\t\t<\/span>\n\t\t\t\t<\/div>\n\t\t\t\t\t<\/div>\n\t\t<\/article>\n\t\t\t\t<\/div>\n\t\t\n\t\t\t\t<\/div>\n\t\t\t\t<\/div>\n\t\t\t\t\t<\/div>\n\t\t<\/div>\n\t\t\t\t\t<\/div>\n\t\t<\/section>\n\t\t\t\t\t<\/div>\n\t\t<\/div>\n\t\t\t\t\t<\/div>\n\t\t<\/section>\n\t\t\t\t<\/div>\n\t\t","protected":false},"excerpt":{"rendered":"<p>Pivski kutak U pivskom kutku \u0107e te nau\u010diti male tajne pivarstva i saznati pone\u0161to o pivskoj povijesti, pivskim stilovima, mitovima i zabludama o pivi te za\u0161to je craft pivo sve popularnije.<\/p>\n","protected":false},"author":1,"featured_media":0,"parent":0,"menu_order":0,"comment_status":"closed","ping_status":"closed","template":"elementor_header_footer","meta":{"_acf_changed":false,"footnotes":""},"class_list":["post-3424","page","type-page","status-publish","hentry"],"acf":[],"yoast_head":"<!-- This site is optimized with the Yoast SEO plugin v23.4 - https:\/\/yoast.com\/wordpress\/plugins\/seo\/ -->\n<title>Pivski kutak - Pivnica i pivovara Mlinarica<\/title>\n<meta name=\"robots\" content=\"noindex, follow, max-snippet:-1, max-image-preview:large, max-video-preview:-1\" \/>\n<meta property=\"og:locale\" content=\"hr_HR\" \/>\n<meta property=\"og:type\" content=\"article\" \/>\n<meta property=\"og:title\" content=\"Pivski kutak - Pivnica i pivovara Mlinarica\" \/>\n<meta property=\"og:description\" content=\"Pivski kutak U pivskom kutku \u0107e te nau\u010diti male tajne pivarstva i saznati pone\u0161to o pivskoj povijesti, pivskim stilovima, mitovima i zabludama o pivi te za\u0161to je craft pivo sve popularnije.\" \/>\n<meta property=\"og:url\" content=\"https:\/\/mlinarica.hr\/izmjene\/pivski-kutak\/\" \/>\n<meta property=\"og:site_name\" content=\"Pivnica i pivovara Mlinarica\" \/>\n<meta property=\"article:modified_time\" content=\"2024-03-26T15:41:05+00:00\" \/>\n<meta name=\"twitter:card\" content=\"summary_large_image\" \/>\n<meta name=\"twitter:label1\" content=\"Procijenjeno vrijeme \u010ditanja\" \/>\n\t<meta name=\"twitter:data1\" content=\"2 minute\" \/>\n<script type=\"application\/ld+json\" class=\"yoast-schema-graph\">{\"@context\":\"https:\/\/schema.org\",\"@graph\":[{\"@type\":\"WebPage\",\"@id\":\"https:\/\/mlinarica.hr\/izmjene\/pivski-kutak\/\",\"url\":\"https:\/\/mlinarica.hr\/izmjene\/pivski-kutak\/\",\"name\":\"Pivski kutak - Pivnica i pivovara Mlinarica\",\"isPartOf\":{\"@id\":\"https:\/\/mlinarica.hr\/izmjene\/#website\"},\"datePublished\":\"2021-08-23T09:00:33+00:00\",\"dateModified\":\"2024-03-26T15:41:05+00:00\",\"breadcrumb\":{\"@id\":\"https:\/\/mlinarica.hr\/izmjene\/pivski-kutak\/#breadcrumb\"},\"inLanguage\":\"hr\",\"potentialAction\":[{\"@type\":\"ReadAction\",\"target\":[\"https:\/\/mlinarica.hr\/izmjene\/pivski-kutak\/\"]}]},{\"@type\":\"BreadcrumbList\",\"@id\":\"https:\/\/mlinarica.hr\/izmjene\/pivski-kutak\/#breadcrumb\",\"itemListElement\":[{\"@type\":\"ListItem\",\"position\":1,\"name\":\"Po\u010detna stranica\",\"item\":\"https:\/\/mlinarica.hr\/izmjene\/\"},{\"@type\":\"ListItem\",\"position\":2,\"name\":\"Pivski kutak\"}]},{\"@type\":\"WebSite\",\"@id\":\"https:\/\/mlinarica.hr\/izmjene\/#website\",\"url\":\"https:\/\/mlinarica.hr\/izmjene\/\",\"name\":\"Pivnica i pivovara Mlinarica\",\"description\":\"Doma\u0107a hrana i vlastito craft pivo\",\"publisher\":{\"@id\":\"https:\/\/mlinarica.hr\/izmjene\/#organization\"},\"potentialAction\":[{\"@type\":\"SearchAction\",\"target\":{\"@type\":\"EntryPoint\",\"urlTemplate\":\"https:\/\/mlinarica.hr\/izmjene\/?s={search_term_string}\"},\"query-input\":{\"@type\":\"PropertyValueSpecification\",\"valueRequired\":true,\"valueName\":\"search_term_string\"}}],\"inLanguage\":\"hr\"},{\"@type\":\"Organization\",\"@id\":\"https:\/\/mlinarica.hr\/izmjene\/#organization\",\"name\":\"Pivnica i pivovara Mlinarica\",\"url\":\"https:\/\/mlinarica.hr\/izmjene\/\",\"logo\":{\"@type\":\"ImageObject\",\"inLanguage\":\"hr\",\"@id\":\"https:\/\/mlinarica.hr\/izmjene\/#\/schema\/logo\/image\/\",\"url\":\"https:\/\/mlinarica.hr\/izmjene\/wp-content\/uploads\/2020\/12\/cropped-Mlinarica_siteicon.png\",\"contentUrl\":\"https:\/\/mlinarica.hr\/izmjene\/wp-content\/uploads\/2020\/12\/cropped-Mlinarica_siteicon.png\",\"width\":504,\"height\":426,\"caption\":\"Pivnica i pivovara Mlinarica\"},\"image\":{\"@id\":\"https:\/\/mlinarica.hr\/izmjene\/#\/schema\/logo\/image\/\"}}]}<\/script>\n<!-- \/ Yoast SEO plugin. -->","yoast_head_json":{"title":"Pivski kutak - Pivnica i pivovara Mlinarica","robots":{"index":"noindex","follow":"follow","max-snippet":"max-snippet:-1","max-image-preview":"max-image-preview:large","max-video-preview":"max-video-preview:-1"},"og_locale":"hr_HR","og_type":"article","og_title":"Pivski kutak - Pivnica i pivovara Mlinarica","og_description":"Pivski kutak U pivskom kutku \u0107e te nau\u010diti male tajne pivarstva i saznati pone\u0161to o pivskoj povijesti, pivskim stilovima, mitovima i zabludama o pivi te za\u0161to je craft pivo sve popularnije.","og_url":"https:\/\/mlinarica.hr\/izmjene\/pivski-kutak\/","og_site_name":"Pivnica i pivovara Mlinarica","article_modified_time":"2024-03-26T15:41:05+00:00","twitter_card":"summary_large_image","twitter_misc":{"Procijenjeno vrijeme \u010ditanja":"2 minute"},"schema":{"@context":"https:\/\/schema.org","@graph":[{"@type":"WebPage","@id":"https:\/\/mlinarica.hr\/izmjene\/pivski-kutak\/","url":"https:\/\/mlinarica.hr\/izmjene\/pivski-kutak\/","name":"Pivski kutak - Pivnica i pivovara Mlinarica","isPartOf":{"@id":"https:\/\/mlinarica.hr\/izmjene\/#website"},"datePublished":"2021-08-23T09:00:33+00:00","dateModified":"2024-03-26T15:41:05+00:00","breadcrumb":{"@id":"https:\/\/mlinarica.hr\/izmjene\/pivski-kutak\/#breadcrumb"},"inLanguage":"hr","potentialAction":[{"@type":"ReadAction","target":["https:\/\/mlinarica.hr\/izmjene\/pivski-kutak\/"]}]},{"@type":"BreadcrumbList","@id":"https:\/\/mlinarica.hr\/izmjene\/pivski-kutak\/#breadcrumb","itemListElement":[{"@type":"ListItem","position":1,"name":"Po\u010detna stranica","item":"https:\/\/mlinarica.hr\/izmjene\/"},{"@type":"ListItem","position":2,"name":"Pivski kutak"}]},{"@type":"WebSite","@id":"https:\/\/mlinarica.hr\/izmjene\/#website","url":"https:\/\/mlinarica.hr\/izmjene\/","name":"Pivnica i pivovara Mlinarica","description":"Doma\u0107a hrana i vlastito craft pivo","publisher":{"@id":"https:\/\/mlinarica.hr\/izmjene\/#organization"},"potentialAction":[{"@type":"SearchAction","target":{"@type":"EntryPoint","urlTemplate":"https:\/\/mlinarica.hr\/izmjene\/?s={search_term_string}"},"query-input":{"@type":"PropertyValueSpecification","valueRequired":true,"valueName":"search_term_string"}}],"inLanguage":"hr"},{"@type":"Organization","@id":"https:\/\/mlinarica.hr\/izmjene\/#organization","name":"Pivnica i pivovara Mlinarica","url":"https:\/\/mlinarica.hr\/izmjene\/","logo":{"@type":"ImageObject","inLanguage":"hr","@id":"https:\/\/mlinarica.hr\/izmjene\/#\/schema\/logo\/image\/","url":"https:\/\/mlinarica.hr\/izmjene\/wp-content\/uploads\/2020\/12\/cropped-Mlinarica_siteicon.png","contentUrl":"https:\/\/mlinarica.hr\/izmjene\/wp-content\/uploads\/2020\/12\/cropped-Mlinarica_siteicon.png","width":504,"height":426,"caption":"Pivnica i pivovara Mlinarica"},"image":{"@id":"https:\/\/mlinarica.hr\/izmjene\/#\/schema\/logo\/image\/"}}]}},"_links":{"self":[{"href":"https:\/\/mlinarica.hr\/izmjene\/wp-json\/wp\/v2\/pages\/3424"}],"collection":[{"href":"https:\/\/mlinarica.hr\/izmjene\/wp-json\/wp\/v2\/pages"}],"about":[{"href":"https:\/\/mlinarica.hr\/izmjene\/wp-json\/wp\/v2\/types\/page"}],"author":[{"embeddable":true,"href":"https:\/\/mlinarica.hr\/izmjene\/wp-json\/wp\/v2\/users\/1"}],"replies":[{"embeddable":true,"href":"https:\/\/mlinarica.hr\/izmjene\/wp-json\/wp\/v2\/comments?post=3424"}],"version-history":[{"count":40,"href":"https:\/\/mlinarica.hr\/izmjene\/wp-json\/wp\/v2\/pages\/3424\/revisions"}],"predecessor-version":[{"id":8517,"href":"https:\/\/mlinarica.hr\/izmjene\/wp-json\/wp\/v2\/pages\/3424\/revisions\/8517"}],"wp:attachment":[{"href":"https:\/\/mlinarica.hr\/izmjene\/wp-json\/wp\/v2\/media?parent=3424"}],"curies":[{"name":"wp","href":"https:\/\/api.w.org\/{rel}","templated":true}]}}