{"id":2918,"date":"2021-06-02T09:28:30","date_gmt":"2021-06-02T09:28:30","guid":{"rendered":"https:\/\/mlinarica.hr\/izmjene\/?page_id=2918"},"modified":"2022-11-14T11:08:34","modified_gmt":"2022-11-14T11:08:34","slug":"opca-pravila-i-uvjeti-koristenja","status":"publish","type":"page","link":"https:\/\/mlinarica.hr\/izmjene\/opca-pravila-i-uvjeti-koristenja\/","title":{"rendered":"Op\u0107a pravila i uvjeti kori\u0161tenja"},"content":{"rendered":"\t\t<div data-elementor-type=\"wp-page\" data-elementor-id=\"2918\" class=\"elementor elementor-2918\" data-elementor-post-type=\"page\">\n\t\t\t\t\t\t<section class=\"elementor-section elementor-top-section elementor-element elementor-element-da33850 elementor-section-height-min-height elementor-section-boxed elementor-section-height-default elementor-section-items-middle\" data-id=\"da33850\" data-element_type=\"section\" data-settings=\"{&quot;background_background&quot;:&quot;classic&quot;}\">\n\t\t\t\t\t\t\t<div class=\"elementor-background-overlay\"><\/div>\n\t\t\t\t\t\t\t<div class=\"elementor-container elementor-column-gap-default\">\n\t\t\t\t\t<div class=\"elementor-column elementor-col-100 elementor-top-column elementor-element elementor-element-0f30e27\" data-id=\"0f30e27\" data-element_type=\"column\">\n\t\t\t<div class=\"elementor-widget-wrap elementor-element-populated\">\n\t\t\t\t\t\t<div class=\"elementor-element elementor-element-261e4de elementor-widget elementor-widget-heading\" data-id=\"261e4de\" data-element_type=\"widget\" data-widget_type=\"heading.default\">\n\t\t\t\t<div class=\"elementor-widget-container\">\n\t\t\t<h1 class=\"elementor-heading-title elementor-size-default\">Op\u0107a pravila i uvijeti kori\u0161tenja<\/h1>\t\t<\/div>\n\t\t\t\t<\/div>\n\t\t\t\t<div class=\"elementor-element elementor-element-769076b elementor-widget elementor-widget-text-editor\" data-id=\"769076b\" data-element_type=\"widget\" data-widget_type=\"text-editor.default\">\n\t\t\t\t<div class=\"elementor-widget-container\">\n\t\t\t\t\t\t\t<h2><span style=\"color: #fda12a;\"><strong>Op\u0107e odredbe<\/strong><\/span><\/h2><h4><strong>Informacije o poslovnom subjektu<\/strong><\/h4><p><strong>Naziv:<\/strong> Mlinarica obrt, Vl. Ivica Jendri\u0107<\/p><p><strong>Sjedi\u0161te:<\/strong> Matije Jandri\u0107a 36, 10000 Zagreb, Hrvatska<\/p><p><strong>OIB:<\/strong> 22862184845<\/p><p><strong>MBO:<\/strong> 90730305<\/p><p><strong>Telefon:<\/strong> +385 1 4673 607<\/p><p><strong>\u017diro-ra\u010dun:<\/strong> Erste&amp;Steierm\u00e4rkische Bank d.d.\u00a0Jadranski trg 3A, 51000 Rijeka, Hrvatska <br \/>IBAN: HR1924020061140016921<\/p><p><strong>Vlasnik:<\/strong> Ivica Jendri\u0107<\/p><p><strong>Mlinarica obrt, Vl. Ivica Jendri\u0107<\/strong> pru\u017ea uslugu informacijskog dru\u0161tva putem svoje internet stranice na domeni mlinarica.hr. Usluga se odnosi na internet prodaju robe i usluga, ponude podataka na internetu, reklamiranje putem interneta, elektroni\u010dki pretra\u017eiva\u010d te mogu\u0107nost tra\u017eenja podataka i usluga koje se prenose elektroni\u010dkom mre\u017eom, koje posreduju u pristupu mre\u017ei ili pohranjuju podatke korisnika, kao i na upravljanje sadr\u017eajem navedene internet stranice i provo\u0111enje eventualnih financijskih transakcija.<\/p><p>Ovim Op\u0107im pravilima ureduju se uvjeti i pravila za kori\u0161tenje navedene internetske stranice od strane Korisnika. Op\u0107i uvjeti poslovanja objavljeni su na hrvatskom jeziku.<\/p><p>U smislu ovih Op\u0107ih uvjeta poslovanja Korisnik usluge informacijskog dru\u0161tva je svaka fizi\u010dka osoba starija od 18 godina ili pravna osoba u \u010dije ime internetsku stranicu koristi osoba starija od 18 godina.<\/p><p>Kori\u0161tenjem internetske stranice, Korisnik potvr\u0111uje da je upoznat s Op\u0107im pravilima i uvjetima kori\u0161tenja internetske stranice te se obvezuje istu koristiti isklju\u010divo u skladu s navedenim pravilima.<\/p><p>Korisnik internetske stranice koristi je u vlastito ime i za svoj ra\u010dun te je osobno odgovoran za za\u0161titu povjerljivosti zaporki koje su nu\u017ene prilikom kori\u0161tenja internetske stranice.<\/p><p><strong>Mlinarica obrt, Vl. Ivica Jendri\u0107<\/strong> obvezuje se \u0161tititi osobne podatke svih Korisnika internetske stranice, na na\u010din kako je opisano Izjavom o povjerljivosti osobnih podataka, koju mo\u017eete pro\u010ditati na sljede\u0107em linku <span style=\"color: #fda12a;\"><a style=\"color: #fda12a;\" href=\"https:\/\/mlinarica.hr\/izmjene\/izjava-o-tajnosti-i-povjerljivosti-podataka\/\" target=\"_blank\" rel=\"noopener\">https:\/\/mlinarica.hr\/izmjene\/izjava-o-tajnosti-i-povjerljivosti-podataka.<\/a><\/span><\/p><p>Radi tehni\u010dkih odr\u017eavanja ili otklanjanja eventualnih problema prilikom odr\u017eavanja svoje internetske stranice, <strong>Mlinarica obrt, Vl. Ivica Jendri\u0107<\/strong> zadr\u017eava pravo da onemogu\u0107i internetsku stranicu ili pristup do nje, a mo\u017ee rezultirati prekidom usluge za koje <strong>Mlinarica obrt, Vl. Ivica Jendri\u0107<\/strong> Korisnik je suglasan da kori\u0161tenje internetske stranice ovisi o mogu\u0107nosti pristupa internetu, odnosno dostupnosti mre\u017ee.<\/p><p><strong>Mlinarica obrt, Vl. Ivica Jendri\u0107<\/strong> zadr\u017eava pravo u svakom trenutku izmijeniti ili ukinuti bilo koji segment poslovanja, uvjete kupnje te uvjete kori\u0161tenja internetske stranice, uklju\u010duju\u0107i i na\u010din i brzinu prijenosa podataka.<\/p><p><strong>Mlinarica obrt, Vl. Ivica Jendri\u0107<\/strong> zadr\u017eava pravo u svakom trenutku i bez prethodne obavijesti izmijeniti bilo koju od ovdje navedenih odredbi i\/ili Izjavu o povjerljivosti podataka, a radi zakonske obveze ili izmjene poslovanja.<\/p><p>Korisnik je suglasan da svakim pristupom internetskoj stranici prihva\u0107a i trenutno va\u017ee\u0107a Op\u0107a pravila i uvjete kori\u0161tenja internetske stranice, kao i Izjavu o povjerljivosti podataka, koji su objavljeni na istoj stranici.<\/p><p>Internetska stranica je u isklju\u010divom vlasni\u0161tvu <strong>Obrta Mlinarica, Vl. Ivica Jendri\u0107<\/strong>, te se Korisniku zabranjuje putem ove stranice objavljivati ili prenositi bilo kakve podatke koji ugro\u017eavaju ili ograni\u010davaju prava tre\u0107ih osoba, odnosno podrazumijevaju neprimjerene ili nezakonite radnje, a osobito koje bi se odnosile na povredu privatnosti tre\u0107ih osoba, uvredljive ili diskriminiraju\u0107e sadr\u017eaje ili reklamiranje tre\u0107ih osoba.<\/p><p>Svi podaci koji se nalaze na stranici, uklju\u010duju\u0107i dizajn stranice i cjelokupni vizualni identitet\u00a0 <strong>Obrta Mlinarica, Vl. Ivica Jendri\u0107<\/strong>, kao i sadr\u017eaj stranice, isklju\u010divo su pravo obrta Mlinarica, te je zabranjeno bilo kakvo kopiranje, distribucija, prijenos, objavljivanje, povezivanje ili na drugi na\u010din mijenjanje stranice bez prethodnog izri\u010ditog odobrenja <strong>Obrta<\/strong> <strong>Mlinarica, Vl. Ivica Jendri\u0107. <\/strong>Svako postupanje protivno ovoj zabrani podlije\u017ee prekr\u0161ajnoj, kaznenoj i\/ili materijalnopravnoj odgovornosti. <strong>Mlinarica obrt, Vl. Ivica Jendri\u0107<\/strong>. zadr\u017eava pravo promjene, prilago\u0111avanja, izmjene, brisanja ili uklanjanja bilo kakvog opisanog sadr\u017eaja.<\/p><p><strong>Mlinarica obrt, Vl. Ivica Jendri\u0107<\/strong> je, za slu\u010daj bilo kakvog neprihvatljivog pona\u0161anja Korisnika prilikom kori\u0161tenja internetske stranice, kao i za slu\u010daj nepo\u0161tivanja ovih pravila, ovla\u0161tena raskinuti poslovni odnos s Korisnikom, ukinuti njegov korisni\u010dki ra\u010dun, uklju\u010duju\u0107i i brisanje podataka tog ra\u010duna, kao i koristiti se dopu\u0161tenim pravnim sredstvima u cilju za\u0161tite svojih prava.<\/p><p>Korisnik je ovla\u0161ten preuzimati, ispisivati i spremati materijale s ove internetske stranice isklju\u010divo u svrhu svoje vlastite uporabe.<\/p><p>Komunikacija izme\u0111u Korisnika i <strong>Obrta<\/strong> <strong>Mlinarica, Vl. Ivica Jendri\u0107<\/strong> odvija se pisanim putem (e-mail ili preporu\u010dena po\u0161tanska po\u0161iljka), a prigovori, zahtjevi i pritu\u017ebe, kao i odgovori na njih, dostavljaju se u zakonom propisanim rokovima, i to Zakonom o za\u0161titi potro\u0161a\u010da, Op\u0107om uredbom o za\u0161titi osobnih podataka i sl.<\/p><p>Internetska stranica mlinarica.hr mo\u017ee sadr\u017eavati poveznice do drugih stranica, koje su u vlasni\u0161tvu i pod upravljanjem drugih osoba.<\/p><p><strong>Mlinarica obrt, Vl. Ivica Jendri\u0107<\/strong> ne upravlja sadr\u017eajem i podacima tih stranica, ne daje posebne preporuke za kori\u0161tenje tih stranica, ne jam\u010di za istinitost niti odgovara za sadr\u017eaj tih stranica, proizvode i usluge. Za slu\u010daj kori\u0161tenja internetskih stranica tre\u0107ih osoba, Korisniku se preporu\u0107a da prethodno prou\u010di pravila o za\u0161titi podataka, op\u0107e uvjete poslovanje i vodi\u010de za uporabu odre\u0111ene internetske stranice koju koristi. Tako\u0111er se Korisniku preporu\u010da, neovisno o kori\u0161tenju ove internetske stranice, da posebno procijeni autenti\u010dnost i rizik kori\u0161tenja svake stranice \u010diji se link nalazi na ovoj internetskoj stranici ili one koja sadr\u017ei obavijest da se radi upravo o stranici mlinarica.hr (uklju\u010divo i one \u010diji se linkovi dostavljaju putem e-maila) te Korisnik takvu stranicu koristi na vlastiti rizik.<\/p><p>Svaka izmjena koja se odnosi na za\u0161titu i povjerljivost podataka biti \u0107e objavljena na ovoj internetskoj stranici, a ovisno o mogu\u0107nosti, odnosno prikladnosti, obavijest o takvoj izmjeni bit \u0107e dostavljena Korisniku putem e-maila.<\/p><p>Korisnicima se preporu\u010da da redovito provjeravaju je li do\u0161lo do a\u017euriranja ili izmjene uvjeta za\u0161tite podataka te o posljedicama takvih izmjena.<\/p><h4><span style=\"color: #fda12a;\"><strong>Primjena prava<\/strong><\/span><\/h4><p><strong>Mlinarica obrt, Vl. Ivica Jendri\u0107<\/strong> u obavljanju svojih registriranih djelatnosti primjenjuje pozitivne pravne propise Republike Hrvatske i primjenjive nadnacionalne propise EU.<\/p><p>Eventualne sporove koji mogu nastati u vezi s kori\u0161tenjem ove internetske stranice i ovim pravilima i uvjetima, stranke \u0107e poku\u0161ati rije\u0161iti mirnim putem, sukladno Zakonu o za\u0161titi potro\u0161a\u010da i drugim relevantnim propisima va\u017ee\u0107im na podru\u010dju RH, a za slu\u010daj nemogu\u0107nosti sporazumnog rje\u0161enja, nadle\u017ean je stvarno nadle\u017eni sud u Zagrebu.<\/p><p>Korisnik \u010dije se prebivali\u0161te ili sjedi\u0161te nalazi na podru\u010dju dr\u017eave \u010dlanice EU, upu\u0107uje se na mogu\u0107nost rje\u0161avanja eventualnih sporova putem Tijela za rje\u0161avanje sporova EU, sukladno odredbama Europske Komisije, br.534\/2013, odnosno putem internetske stranice ec.Europa.eu\/odr.<\/p><h4><span style=\"color: #fda12a;\"><strong>Zavr\u0161ne odredbe<\/strong><\/span><\/h4><p>Za slu\u010daj da se pojedini dio ovih Op\u0107ih pravila i uvjeta kori\u0161tenja internetske stranice ima smatrati ni\u0161tetnim ili neprovedivim, isto ne utje\u010de na valjanost ostalih dijelova pravila i uvjeta, koji ostaju na snazi i imaju pravni u\u010dinak.<\/p><p>Za sva pitanja koja eventualno nisu regulirana ovim Op\u0107im pravilima i uvjetima kori\u0161tenja internetske stranice, <strong>Mlinarica obrt, Vl. Ivica Jendri\u0107<\/strong> upu\u0107uje Korisnike svoje stranice, da se obrate putem e-maila: info@mlinarica.hr.<\/p>\t\t\t\t\t\t<\/div>\n\t\t\t\t<\/div>\n\t\t\t\t\t<\/div>\n\t\t<\/div>\n\t\t\t\t\t<\/div>\n\t\t<\/section>\n\t\t\t\t<\/div>\n\t\t","protected":false},"excerpt":{"rendered":"<p>Op\u0107a pravila i uvijeti kori\u0161tenja Op\u0107e odredbe Informacije o poslovnom subjektu Naziv: Mlinarica obrt, Vl. Ivica Jendri\u0107 Sjedi\u0161te: Matije Jandri\u0107a 36, 10000 Zagreb, Hrvatska OIB: 22862184845 MBO: 90730305 Telefon: +385 1 4673 607 \u017diro-ra\u010dun: Erste&amp;Steierm\u00e4rkische Bank d.d.\u00a0Jadranski trg 3A, 51000 Rijeka, Hrvatska IBAN: HR1924020061140016921 Vlasnik: Ivica Jendri\u0107 Mlinarica obrt, Vl. Ivica Jendri\u0107 pru\u017ea uslugu informacijskog [&hellip;]<\/p>\n","protected":false},"author":1,"featured_media":0,"parent":0,"menu_order":0,"comment_status":"closed","ping_status":"closed","template":"elementor_header_footer","meta":{"_acf_changed":false,"footnotes":""},"class_list":["post-2918","page","type-page","status-publish","hentry"],"acf":[],"yoast_head":"<!-- This site is optimized with the Yoast SEO plugin v23.4 - https:\/\/yoast.com\/wordpress\/plugins\/seo\/ -->\n<title>Op\u0107a pravila i uvjeti kori\u0161tenja - Pivnica i pivovara Mlinarica<\/title>\n<meta name=\"robots\" content=\"noindex, follow\" \/>\n<meta property=\"og:locale\" content=\"hr_HR\" \/>\n<meta property=\"og:type\" content=\"article\" \/>\n<meta property=\"og:title\" content=\"Op\u0107a pravila i uvjeti kori\u0161tenja - Pivnica i pivovara Mlinarica\" \/>\n<meta property=\"og:description\" content=\"Op\u0107a pravila i uvijeti kori\u0161tenja Op\u0107e odredbe Informacije o poslovnom subjektu Naziv: Mlinarica obrt, Vl. Ivica Jendri\u0107 Sjedi\u0161te: Matije Jandri\u0107a 36, 10000 Zagreb, Hrvatska OIB: 22862184845 MBO: 90730305 Telefon: +385 1 4673 607 \u017diro-ra\u010dun: Erste&amp;Steierm\u00e4rkische Bank d.d.\u00a0Jadranski trg 3A, 51000 Rijeka, Hrvatska IBAN: HR1924020061140016921 Vlasnik: Ivica Jendri\u0107 Mlinarica obrt, Vl. Ivica Jendri\u0107 pru\u017ea uslugu informacijskog [&hellip;]\" \/>\n<meta property=\"og:url\" content=\"https:\/\/mlinarica.hr\/izmjene\/opca-pravila-i-uvjeti-koristenja\/\" \/>\n<meta property=\"og:site_name\" content=\"Pivnica i pivovara Mlinarica\" \/>\n<meta property=\"article:modified_time\" content=\"2022-11-14T11:08:34+00:00\" \/>\n<meta name=\"twitter:card\" content=\"summary_large_image\" \/>\n<meta name=\"twitter:label1\" content=\"Procijenjeno vrijeme \u010ditanja\" \/>\n\t<meta name=\"twitter:data1\" content=\"5 minuta\" \/>\n<script type=\"application\/ld+json\" class=\"yoast-schema-graph\">{\"@context\":\"https:\/\/schema.org\",\"@graph\":[{\"@type\":\"WebPage\",\"@id\":\"https:\/\/mlinarica.hr\/izmjene\/opca-pravila-i-uvjeti-koristenja\/\",\"url\":\"https:\/\/mlinarica.hr\/izmjene\/opca-pravila-i-uvjeti-koristenja\/\",\"name\":\"Op\u0107a pravila i uvjeti kori\u0161tenja - Pivnica i pivovara Mlinarica\",\"isPartOf\":{\"@id\":\"https:\/\/mlinarica.hr\/izmjene\/#website\"},\"datePublished\":\"2021-06-02T09:28:30+00:00\",\"dateModified\":\"2022-11-14T11:08:34+00:00\",\"breadcrumb\":{\"@id\":\"https:\/\/mlinarica.hr\/izmjene\/opca-pravila-i-uvjeti-koristenja\/#breadcrumb\"},\"inLanguage\":\"hr\",\"potentialAction\":[{\"@type\":\"ReadAction\",\"target\":[\"https:\/\/mlinarica.hr\/izmjene\/opca-pravila-i-uvjeti-koristenja\/\"]}]},{\"@type\":\"BreadcrumbList\",\"@id\":\"https:\/\/mlinarica.hr\/izmjene\/opca-pravila-i-uvjeti-koristenja\/#breadcrumb\",\"itemListElement\":[{\"@type\":\"ListItem\",\"position\":1,\"name\":\"Po\u010detna stranica\",\"item\":\"https:\/\/mlinarica.hr\/izmjene\/\"},{\"@type\":\"ListItem\",\"position\":2,\"name\":\"Op\u0107a pravila i uvjeti kori\u0161tenja\"}]},{\"@type\":\"WebSite\",\"@id\":\"https:\/\/mlinarica.hr\/izmjene\/#website\",\"url\":\"https:\/\/mlinarica.hr\/izmjene\/\",\"name\":\"Pivnica i pivovara Mlinarica\",\"description\":\"Doma\u0107a hrana i vlastito craft pivo\",\"publisher\":{\"@id\":\"https:\/\/mlinarica.hr\/izmjene\/#organization\"},\"potentialAction\":[{\"@type\":\"SearchAction\",\"target\":{\"@type\":\"EntryPoint\",\"urlTemplate\":\"https:\/\/mlinarica.hr\/izmjene\/?s={search_term_string}\"},\"query-input\":{\"@type\":\"PropertyValueSpecification\",\"valueRequired\":true,\"valueName\":\"search_term_string\"}}],\"inLanguage\":\"hr\"},{\"@type\":\"Organization\",\"@id\":\"https:\/\/mlinarica.hr\/izmjene\/#organization\",\"name\":\"Pivnica i pivovara Mlinarica\",\"url\":\"https:\/\/mlinarica.hr\/izmjene\/\",\"logo\":{\"@type\":\"ImageObject\",\"inLanguage\":\"hr\",\"@id\":\"https:\/\/mlinarica.hr\/izmjene\/#\/schema\/logo\/image\/\",\"url\":\"https:\/\/mlinarica.hr\/izmjene\/wp-content\/uploads\/2020\/12\/cropped-Mlinarica_siteicon.png\",\"contentUrl\":\"https:\/\/mlinarica.hr\/izmjene\/wp-content\/uploads\/2020\/12\/cropped-Mlinarica_siteicon.png\",\"width\":504,\"height\":426,\"caption\":\"Pivnica i pivovara Mlinarica\"},\"image\":{\"@id\":\"https:\/\/mlinarica.hr\/izmjene\/#\/schema\/logo\/image\/\"}}]}<\/script>\n<!-- \/ Yoast SEO plugin. -->","yoast_head_json":{"title":"Op\u0107a pravila i uvjeti kori\u0161tenja - Pivnica i pivovara Mlinarica","robots":{"index":"noindex","follow":"follow"},"og_locale":"hr_HR","og_type":"article","og_title":"Op\u0107a pravila i uvjeti kori\u0161tenja - Pivnica i pivovara Mlinarica","og_description":"Op\u0107a pravila i uvijeti kori\u0161tenja Op\u0107e odredbe Informacije o poslovnom subjektu Naziv: Mlinarica obrt, Vl. Ivica Jendri\u0107 Sjedi\u0161te: Matije Jandri\u0107a 36, 10000 Zagreb, Hrvatska OIB: 22862184845 MBO: 90730305 Telefon: +385 1 4673 607 \u017diro-ra\u010dun: Erste&amp;Steierm\u00e4rkische Bank d.d.\u00a0Jadranski trg 3A, 51000 Rijeka, Hrvatska IBAN: HR1924020061140016921 Vlasnik: Ivica Jendri\u0107 Mlinarica obrt, Vl. Ivica Jendri\u0107 pru\u017ea uslugu informacijskog [&hellip;]","og_url":"https:\/\/mlinarica.hr\/izmjene\/opca-pravila-i-uvjeti-koristenja\/","og_site_name":"Pivnica i pivovara Mlinarica","article_modified_time":"2022-11-14T11:08:34+00:00","twitter_card":"summary_large_image","twitter_misc":{"Procijenjeno vrijeme \u010ditanja":"5 minuta"},"schema":{"@context":"https:\/\/schema.org","@graph":[{"@type":"WebPage","@id":"https:\/\/mlinarica.hr\/izmjene\/opca-pravila-i-uvjeti-koristenja\/","url":"https:\/\/mlinarica.hr\/izmjene\/opca-pravila-i-uvjeti-koristenja\/","name":"Op\u0107a pravila i uvjeti kori\u0161tenja - Pivnica i pivovara Mlinarica","isPartOf":{"@id":"https:\/\/mlinarica.hr\/izmjene\/#website"},"datePublished":"2021-06-02T09:28:30+00:00","dateModified":"2022-11-14T11:08:34+00:00","breadcrumb":{"@id":"https:\/\/mlinarica.hr\/izmjene\/opca-pravila-i-uvjeti-koristenja\/#breadcrumb"},"inLanguage":"hr","potentialAction":[{"@type":"ReadAction","target":["https:\/\/mlinarica.hr\/izmjene\/opca-pravila-i-uvjeti-koristenja\/"]}]},{"@type":"BreadcrumbList","@id":"https:\/\/mlinarica.hr\/izmjene\/opca-pravila-i-uvjeti-koristenja\/#breadcrumb","itemListElement":[{"@type":"ListItem","position":1,"name":"Po\u010detna stranica","item":"https:\/\/mlinarica.hr\/izmjene\/"},{"@type":"ListItem","position":2,"name":"Op\u0107a pravila i uvjeti kori\u0161tenja"}]},{"@type":"WebSite","@id":"https:\/\/mlinarica.hr\/izmjene\/#website","url":"https:\/\/mlinarica.hr\/izmjene\/","name":"Pivnica i pivovara Mlinarica","description":"Doma\u0107a hrana i vlastito craft pivo","publisher":{"@id":"https:\/\/mlinarica.hr\/izmjene\/#organization"},"potentialAction":[{"@type":"SearchAction","target":{"@type":"EntryPoint","urlTemplate":"https:\/\/mlinarica.hr\/izmjene\/?s={search_term_string}"},"query-input":{"@type":"PropertyValueSpecification","valueRequired":true,"valueName":"search_term_string"}}],"inLanguage":"hr"},{"@type":"Organization","@id":"https:\/\/mlinarica.hr\/izmjene\/#organization","name":"Pivnica i pivovara Mlinarica","url":"https:\/\/mlinarica.hr\/izmjene\/","logo":{"@type":"ImageObject","inLanguage":"hr","@id":"https:\/\/mlinarica.hr\/izmjene\/#\/schema\/logo\/image\/","url":"https:\/\/mlinarica.hr\/izmjene\/wp-content\/uploads\/2020\/12\/cropped-Mlinarica_siteicon.png","contentUrl":"https:\/\/mlinarica.hr\/izmjene\/wp-content\/uploads\/2020\/12\/cropped-Mlinarica_siteicon.png","width":504,"height":426,"caption":"Pivnica i pivovara Mlinarica"},"image":{"@id":"https:\/\/mlinarica.hr\/izmjene\/#\/schema\/logo\/image\/"}}]}},"_links":{"self":[{"href":"https:\/\/mlinarica.hr\/izmjene\/wp-json\/wp\/v2\/pages\/2918"}],"collection":[{"href":"https:\/\/mlinarica.hr\/izmjene\/wp-json\/wp\/v2\/pages"}],"about":[{"href":"https:\/\/mlinarica.hr\/izmjene\/wp-json\/wp\/v2\/types\/page"}],"author":[{"embeddable":true,"href":"https:\/\/mlinarica.hr\/izmjene\/wp-json\/wp\/v2\/users\/1"}],"replies":[{"embeddable":true,"href":"https:\/\/mlinarica.hr\/izmjene\/wp-json\/wp\/v2\/comments?post=2918"}],"version-history":[{"count":23,"href":"https:\/\/mlinarica.hr\/izmjene\/wp-json\/wp\/v2\/pages\/2918\/revisions"}],"predecessor-version":[{"id":5975,"href":"https:\/\/mlinarica.hr\/izmjene\/wp-json\/wp\/v2\/pages\/2918\/revisions\/5975"}],"wp:attachment":[{"href":"https:\/\/mlinarica.hr\/izmjene\/wp-json\/wp\/v2\/media?parent=2918"}],"curies":[{"name":"wp","href":"https:\/\/api.w.org\/{rel}","templated":true}]}}