{"id":2907,"date":"2021-06-02T09:03:29","date_gmt":"2021-06-02T09:03:29","guid":{"rendered":"https:\/\/mlinarica.hr\/izmjene\/?page_id=2907"},"modified":"2021-06-05T12:08:17","modified_gmt":"2021-06-05T12:08:17","slug":"obavijest-o-koristenju-kolacica","status":"publish","type":"page","link":"https:\/\/mlinarica.hr\/izmjene\/obavijest-o-koristenju-kolacica\/","title":{"rendered":"Obavijest o kori\u0161tenju kola\u010di\u0107a"},"content":{"rendered":"\t\t<div data-elementor-type=\"wp-page\" data-elementor-id=\"2907\" class=\"elementor elementor-2907\" data-elementor-post-type=\"page\">\n\t\t\t\t\t\t<section class=\"elementor-section elementor-top-section elementor-element elementor-element-4773085 elementor-section-height-min-height elementor-section-boxed elementor-section-height-default elementor-section-items-middle\" data-id=\"4773085\" data-element_type=\"section\" data-settings=\"{&quot;background_background&quot;:&quot;classic&quot;}\">\n\t\t\t\t\t\t\t<div class=\"elementor-background-overlay\"><\/div>\n\t\t\t\t\t\t\t<div class=\"elementor-container elementor-column-gap-default\">\n\t\t\t\t\t<div class=\"elementor-column elementor-col-100 elementor-top-column elementor-element elementor-element-5375b20\" data-id=\"5375b20\" data-element_type=\"column\">\n\t\t\t<div class=\"elementor-widget-wrap elementor-element-populated\">\n\t\t\t\t\t\t<div class=\"elementor-element elementor-element-62aa34e elementor-widget elementor-widget-heading\" data-id=\"62aa34e\" data-element_type=\"widget\" data-widget_type=\"heading.default\">\n\t\t\t\t<div class=\"elementor-widget-container\">\n\t\t\t<h1 class=\"elementor-heading-title elementor-size-default\">Kori\u0161tenje kola\u010di\u0107a<\/h1>\t\t<\/div>\n\t\t\t\t<\/div>\n\t\t\t\t<div class=\"elementor-element elementor-element-c1b9c3a elementor-widget elementor-widget-text-editor\" data-id=\"c1b9c3a\" data-element_type=\"widget\" data-widget_type=\"text-editor.default\">\n\t\t\t\t<div class=\"elementor-widget-container\">\n\t\t\t\t\t\t\t<p>Kako bi posje\u0107ivanje na\u0161e internetske stranice bilo \u0161to ugodnije, ova stranica mora na Va\u0161e ra\u010dunalo spremiti malenu koli\u010dinu informacija, tzv. kola\u010di\u0107a (eng. cookies). Kola\u010di\u0107i, izme\u0111u ostalog, slu\u017ee da bi web stranica radila optimalno te kako bismo bili u stanju vr\u0161iti daljnja unaprje\u0111enja stranice u svrhu pobolj\u0161avanja Va\u0161ega iskustva pregledavanja. Kori\u0161tenjem ove web stranice pristajete na uporabu kola\u010di\u0107a. Blokiranje kola\u010di\u0107a je mogu\u0107e, nakon \u010dega \u0107ete i dalje mo\u0107i pregledavati stranicu, no neke njezine mogu\u0107nosti ne\u0107e Vam biti dostupne.<\/p><p><span style=\"color: #fda12a;\"><strong>\u0160to je kola\u010di\u0107?<br \/><\/strong><\/span><\/p><p>Kola\u010di\u0107 je informacija spremljena na Va\u0161e ra\u010dunalo, tablet ili mobitel, koja mo\u017ee biti dostavljena neposredno od strane web stranice koju posjetite (kola\u010di\u0107i od prve strane) ili u suradnji i za potrebe web stranice koju posjetite od tre\u0107e strane (kola\u010di\u0107i tre\u0107e strane). Kola\u010di\u0107i obi\u010dno spremaju Va\u0161e postavke, postavke za web stranicu, kao \u0161to su npr. preferirani jezik ili sli\u010dne postavke. Kasnije, kada opet otvorite istu web stranicu, internetski preglednik \u0161alje natrag kola\u010di\u0107e koji pripadaju toj stranici. Ovo omogu\u0107ava stranici da prika\u017ee informacije prilago\u0111ene Va\u0161im potrebama. Kola\u010di\u0107i mogu spremati \u0161irok raspon informacija, uklju\u010duju\u0107i i dio osobnih informacija. Te informacije mogu biti spremljene jedino ukoliko Vi to omogu\u0107ite \u2013 web stranice ne mogu dobiti pristup informacijama koje im niste dali te ne mogu pristupiti drugim datotekama na Va\u0161em ra\u010dunalu.<\/p><p><span style=\"color: #fda12a;\"><strong>Kori\u0161tenje kola\u010di\u0107a na www.mlinarica.hr<\/strong><\/span><\/p><p>www.mlinarica.hr koristi kola\u010di\u0107e kako bi omogu\u0107ili bolje korisni\u010dko iskustvo. Kada koristite na\u0161u internetsku stranicu mo\u017eete tako\u0111er zaprimiti kola\u010di\u0107 \u201etre\u0107e strane\u201c.<\/p><p>www.mlinarica.hr upotrebljava kola\u010di\u0107e u svrhu pra\u0107enja statisti\u010dke posje\u0107enosti web stranice radi dobivanja nu\u017enih informacija o uspje\u0161nosti web stranice i pri tom tako\u0111er koristi uslugu tre\u0107e strane pod nazivom Google Analytics. <br \/>www.mlinarica.hr tako\u0111er mo\u017ee upotrebljavati kola\u010di\u0107e u svrhu ogla\u0161avanja proizvoda\/usluga <strong>obrta Mlinarica, vl. Ivica Jendri\u0107<\/strong> i to na samoj web stranici, na prikaziva\u010dkim mre\u017eama i kroz kori\u0161tenje ponovnog marketinga na usluzi Google Analytics. Upotrebom kola\u010di\u0107a dobavlja\u010di tre\u0107e strane (uklju\u010duju\u0107i i Google), u suradnji sa <strong>obrtom Mlinarica, vl. Ivica Jendri\u0107<\/strong>, prikazuju oglase <strong>obrta Mlinarica, vl. Ivica Jendri\u0107<\/strong> na web-lokacijama na cijelom internetu. Posebno isti\u010demo da mo\u017eete isklju\u010diti usluge Google Analytics za ogla\u0161avanje na prikaziva\u010dkoj mre\u017ei i prilagoditi oglase za Google prikaziva\u010dku mre\u017eu pomo\u0107u alata Upravitelj postavki oglasa (http:\/\/www.google.com\/settings\/ads). Tako\u0111er, u svrhu planiranja objava sadr\u017eaja primjerenih Va\u0161im interesima i budu\u0107ih marketin\u0161kih kampanja koristimo alat Google Analytics Demographics and Interest Reporting gdje mo\u017eemo upotrebljavati podatke iz Googleova ogla\u0161avanja na temelju interesa ili podataka o publici tre\u0107e strane (npr. dob, spol i interesi) na usluzi Google Analytics. Detaljne informacije tre\u0107e strane o ovoj usluzi, kao i o mogu\u0107nostima korisnika da reguliraju postavke kola\u010di\u0107a koji su za to nu\u017eni, dostupne su na:<br \/>http:\/\/www.google.com \/analytics\/learn\/privacy.html<\/p><p>Dru\u0161tvene mre\u017ee<br \/>Dru\u0161tvene mre\u017ee tako\u0111er mogu postavljati kola\u010di\u0107e na Va\u0161e ra\u010dunalo. To se doga\u0111a na web stranicama koje Vam omogu\u0107avaju prijavu i registraciju preko ra\u010duna dru\u0161tvenih mre\u017ea te ukoliko dijelite sadr\u017eaj web stranice na dru\u0161tvenim mre\u017eama (npr. putem \u201eLike\u201c gumba). Konkretni utjecaj na Va\u0161u privatnost \u0107e se razlikovati od dru\u0161tvene mre\u017ee do dru\u0161tvenu mre\u017ee te ovisi o postavkama privatnosti koje ste izabrali na tim mre\u017eama. Kako upravljati ovim kola\u010di\u0107ima mo\u017eete saznati na njihovim web stranicama.<\/p><p>Kako onemogu\u0107iti kola\u010di\u0107e?<br \/>Ukoliko \u017eelite mo\u017eete onemogu\u0107iti spremanje kola\u010di\u0107a na Va\u0161e ra\u010dunalo, no blokiranje svih kola\u010di\u0107a moglo bi imati negativan u\u010dinak na kori\u0161tenje mnogih internetskih stranica, pa tako i ove. Postavke kola\u010di\u0107a mogu se kontrolirati i konfigurirati u Va\u0161em internetskome pregledniku. \u017delite li izbrisati ili onemogu\u0107iti kola\u010di\u0107e na svojem ra\u010dunalu potrebno je a\u017eurirati postavke svojeg internetskog preglednika (informacije o na\u010dinu brisanja i onemogu\u0107avanja kola\u010di\u0107a potra\u017eite na svojem pregledniku odabirom izbornika za pomo\u0107)<\/p>\t\t\t\t\t\t<\/div>\n\t\t\t\t<\/div>\n\t\t\t\t\t<\/div>\n\t\t<\/div>\n\t\t\t\t\t<\/div>\n\t\t<\/section>\n\t\t\t\t<\/div>\n\t\t","protected":false},"excerpt":{"rendered":"<p>Kori\u0161tenje kola\u010di\u0107a Kako bi posje\u0107ivanje na\u0161e internetske stranice bilo \u0161to ugodnije, ova stranica mora na Va\u0161e ra\u010dunalo spremiti malenu koli\u010dinu informacija, tzv. kola\u010di\u0107a (eng. cookies). Kola\u010di\u0107i, izme\u0111u ostalog, slu\u017ee da bi web stranica radila optimalno te kako bismo bili u stanju vr\u0161iti daljnja unaprje\u0111enja stranice u svrhu pobolj\u0161avanja Va\u0161ega iskustva pregledavanja. Kori\u0161tenjem ove web stranice [&hellip;]<\/p>\n","protected":false},"author":1,"featured_media":0,"parent":0,"menu_order":0,"comment_status":"closed","ping_status":"closed","template":"elementor_header_footer","meta":{"_acf_changed":false,"footnotes":""},"class_list":["post-2907","page","type-page","status-publish","hentry"],"acf":[],"yoast_head":"<!-- This site is optimized with the Yoast SEO plugin v23.4 - https:\/\/yoast.com\/wordpress\/plugins\/seo\/ -->\n<title>Obavijest o kori\u0161tenju kola\u010di\u0107a - Pivnica i pivovara Mlinarica<\/title>\n<meta name=\"robots\" content=\"noindex, follow\" \/>\n<meta property=\"og:locale\" content=\"hr_HR\" \/>\n<meta property=\"og:type\" content=\"article\" \/>\n<meta property=\"og:title\" content=\"Obavijest o kori\u0161tenju kola\u010di\u0107a - Pivnica i pivovara Mlinarica\" \/>\n<meta property=\"og:description\" content=\"Kori\u0161tenje kola\u010di\u0107a Kako bi posje\u0107ivanje na\u0161e internetske stranice bilo \u0161to ugodnije, ova stranica mora na Va\u0161e ra\u010dunalo spremiti malenu koli\u010dinu informacija, tzv. kola\u010di\u0107a (eng. cookies). Kola\u010di\u0107i, izme\u0111u ostalog, slu\u017ee da bi web stranica radila optimalno te kako bismo bili u stanju vr\u0161iti daljnja unaprje\u0111enja stranice u svrhu pobolj\u0161avanja Va\u0161ega iskustva pregledavanja. Kori\u0161tenjem ove web stranice [&hellip;]\" \/>\n<meta property=\"og:url\" content=\"https:\/\/mlinarica.hr\/izmjene\/obavijest-o-koristenju-kolacica\/\" \/>\n<meta property=\"og:site_name\" content=\"Pivnica i pivovara Mlinarica\" \/>\n<meta property=\"article:modified_time\" content=\"2021-06-05T12:08:17+00:00\" \/>\n<meta name=\"twitter:card\" content=\"summary_large_image\" \/>\n<meta name=\"twitter:label1\" content=\"Procijenjeno vrijeme \u010ditanja\" \/>\n\t<meta name=\"twitter:data1\" content=\"3 minute\" \/>\n<script type=\"application\/ld+json\" class=\"yoast-schema-graph\">{\"@context\":\"https:\/\/schema.org\",\"@graph\":[{\"@type\":\"WebPage\",\"@id\":\"https:\/\/mlinarica.hr\/izmjene\/obavijest-o-koristenju-kolacica\/\",\"url\":\"https:\/\/mlinarica.hr\/izmjene\/obavijest-o-koristenju-kolacica\/\",\"name\":\"Obavijest o kori\u0161tenju kola\u010di\u0107a - Pivnica i pivovara Mlinarica\",\"isPartOf\":{\"@id\":\"https:\/\/mlinarica.hr\/izmjene\/#website\"},\"datePublished\":\"2021-06-02T09:03:29+00:00\",\"dateModified\":\"2021-06-05T12:08:17+00:00\",\"breadcrumb\":{\"@id\":\"https:\/\/mlinarica.hr\/izmjene\/obavijest-o-koristenju-kolacica\/#breadcrumb\"},\"inLanguage\":\"hr\",\"potentialAction\":[{\"@type\":\"ReadAction\",\"target\":[\"https:\/\/mlinarica.hr\/izmjene\/obavijest-o-koristenju-kolacica\/\"]}]},{\"@type\":\"BreadcrumbList\",\"@id\":\"https:\/\/mlinarica.hr\/izmjene\/obavijest-o-koristenju-kolacica\/#breadcrumb\",\"itemListElement\":[{\"@type\":\"ListItem\",\"position\":1,\"name\":\"Po\u010detna stranica\",\"item\":\"https:\/\/mlinarica.hr\/izmjene\/\"},{\"@type\":\"ListItem\",\"position\":2,\"name\":\"Obavijest o kori\u0161tenju kola\u010di\u0107a\"}]},{\"@type\":\"WebSite\",\"@id\":\"https:\/\/mlinarica.hr\/izmjene\/#website\",\"url\":\"https:\/\/mlinarica.hr\/izmjene\/\",\"name\":\"Pivnica i pivovara Mlinarica\",\"description\":\"Doma\u0107a hrana i vlastito craft pivo\",\"publisher\":{\"@id\":\"https:\/\/mlinarica.hr\/izmjene\/#organization\"},\"potentialAction\":[{\"@type\":\"SearchAction\",\"target\":{\"@type\":\"EntryPoint\",\"urlTemplate\":\"https:\/\/mlinarica.hr\/izmjene\/?s={search_term_string}\"},\"query-input\":{\"@type\":\"PropertyValueSpecification\",\"valueRequired\":true,\"valueName\":\"search_term_string\"}}],\"inLanguage\":\"hr\"},{\"@type\":\"Organization\",\"@id\":\"https:\/\/mlinarica.hr\/izmjene\/#organization\",\"name\":\"Pivnica i pivovara Mlinarica\",\"url\":\"https:\/\/mlinarica.hr\/izmjene\/\",\"logo\":{\"@type\":\"ImageObject\",\"inLanguage\":\"hr\",\"@id\":\"https:\/\/mlinarica.hr\/izmjene\/#\/schema\/logo\/image\/\",\"url\":\"https:\/\/mlinarica.hr\/izmjene\/wp-content\/uploads\/2020\/12\/cropped-Mlinarica_siteicon.png\",\"contentUrl\":\"https:\/\/mlinarica.hr\/izmjene\/wp-content\/uploads\/2020\/12\/cropped-Mlinarica_siteicon.png\",\"width\":504,\"height\":426,\"caption\":\"Pivnica i pivovara Mlinarica\"},\"image\":{\"@id\":\"https:\/\/mlinarica.hr\/izmjene\/#\/schema\/logo\/image\/\"}}]}<\/script>\n<!-- \/ Yoast SEO plugin. -->","yoast_head_json":{"title":"Obavijest o kori\u0161tenju kola\u010di\u0107a - Pivnica i pivovara Mlinarica","robots":{"index":"noindex","follow":"follow"},"og_locale":"hr_HR","og_type":"article","og_title":"Obavijest o kori\u0161tenju kola\u010di\u0107a - Pivnica i pivovara Mlinarica","og_description":"Kori\u0161tenje kola\u010di\u0107a Kako bi posje\u0107ivanje na\u0161e internetske stranice bilo \u0161to ugodnije, ova stranica mora na Va\u0161e ra\u010dunalo spremiti malenu koli\u010dinu informacija, tzv. kola\u010di\u0107a (eng. cookies). Kola\u010di\u0107i, izme\u0111u ostalog, slu\u017ee da bi web stranica radila optimalno te kako bismo bili u stanju vr\u0161iti daljnja unaprje\u0111enja stranice u svrhu pobolj\u0161avanja Va\u0161ega iskustva pregledavanja. Kori\u0161tenjem ove web stranice [&hellip;]","og_url":"https:\/\/mlinarica.hr\/izmjene\/obavijest-o-koristenju-kolacica\/","og_site_name":"Pivnica i pivovara Mlinarica","article_modified_time":"2021-06-05T12:08:17+00:00","twitter_card":"summary_large_image","twitter_misc":{"Procijenjeno vrijeme \u010ditanja":"3 minute"},"schema":{"@context":"https:\/\/schema.org","@graph":[{"@type":"WebPage","@id":"https:\/\/mlinarica.hr\/izmjene\/obavijest-o-koristenju-kolacica\/","url":"https:\/\/mlinarica.hr\/izmjene\/obavijest-o-koristenju-kolacica\/","name":"Obavijest o kori\u0161tenju kola\u010di\u0107a - Pivnica i pivovara Mlinarica","isPartOf":{"@id":"https:\/\/mlinarica.hr\/izmjene\/#website"},"datePublished":"2021-06-02T09:03:29+00:00","dateModified":"2021-06-05T12:08:17+00:00","breadcrumb":{"@id":"https:\/\/mlinarica.hr\/izmjene\/obavijest-o-koristenju-kolacica\/#breadcrumb"},"inLanguage":"hr","potentialAction":[{"@type":"ReadAction","target":["https:\/\/mlinarica.hr\/izmjene\/obavijest-o-koristenju-kolacica\/"]}]},{"@type":"BreadcrumbList","@id":"https:\/\/mlinarica.hr\/izmjene\/obavijest-o-koristenju-kolacica\/#breadcrumb","itemListElement":[{"@type":"ListItem","position":1,"name":"Po\u010detna stranica","item":"https:\/\/mlinarica.hr\/izmjene\/"},{"@type":"ListItem","position":2,"name":"Obavijest o kori\u0161tenju kola\u010di\u0107a"}]},{"@type":"WebSite","@id":"https:\/\/mlinarica.hr\/izmjene\/#website","url":"https:\/\/mlinarica.hr\/izmjene\/","name":"Pivnica i pivovara Mlinarica","description":"Doma\u0107a hrana i vlastito craft pivo","publisher":{"@id":"https:\/\/mlinarica.hr\/izmjene\/#organization"},"potentialAction":[{"@type":"SearchAction","target":{"@type":"EntryPoint","urlTemplate":"https:\/\/mlinarica.hr\/izmjene\/?s={search_term_string}"},"query-input":{"@type":"PropertyValueSpecification","valueRequired":true,"valueName":"search_term_string"}}],"inLanguage":"hr"},{"@type":"Organization","@id":"https:\/\/mlinarica.hr\/izmjene\/#organization","name":"Pivnica i pivovara Mlinarica","url":"https:\/\/mlinarica.hr\/izmjene\/","logo":{"@type":"ImageObject","inLanguage":"hr","@id":"https:\/\/mlinarica.hr\/izmjene\/#\/schema\/logo\/image\/","url":"https:\/\/mlinarica.hr\/izmjene\/wp-content\/uploads\/2020\/12\/cropped-Mlinarica_siteicon.png","contentUrl":"https:\/\/mlinarica.hr\/izmjene\/wp-content\/uploads\/2020\/12\/cropped-Mlinarica_siteicon.png","width":504,"height":426,"caption":"Pivnica i pivovara Mlinarica"},"image":{"@id":"https:\/\/mlinarica.hr\/izmjene\/#\/schema\/logo\/image\/"}}]}},"_links":{"self":[{"href":"https:\/\/mlinarica.hr\/izmjene\/wp-json\/wp\/v2\/pages\/2907"}],"collection":[{"href":"https:\/\/mlinarica.hr\/izmjene\/wp-json\/wp\/v2\/pages"}],"about":[{"href":"https:\/\/mlinarica.hr\/izmjene\/wp-json\/wp\/v2\/types\/page"}],"author":[{"embeddable":true,"href":"https:\/\/mlinarica.hr\/izmjene\/wp-json\/wp\/v2\/users\/1"}],"replies":[{"embeddable":true,"href":"https:\/\/mlinarica.hr\/izmjene\/wp-json\/wp\/v2\/comments?post=2907"}],"version-history":[{"count":14,"href":"https:\/\/mlinarica.hr\/izmjene\/wp-json\/wp\/v2\/pages\/2907\/revisions"}],"predecessor-version":[{"id":3093,"href":"https:\/\/mlinarica.hr\/izmjene\/wp-json\/wp\/v2\/pages\/2907\/revisions\/3093"}],"wp:attachment":[{"href":"https:\/\/mlinarica.hr\/izmjene\/wp-json\/wp\/v2\/media?parent=2907"}],"curies":[{"name":"wp","href":"https:\/\/api.w.org\/{rel}","templated":true}]}}